{"id":1125,"date":"2021-09-05T11:13:14","date_gmt":"2021-09-05T10:13:14","guid":{"rendered":"https:\/\/www.oleronaise.com\/?page_id=1125"},"modified":"2023-08-31T09:32:34","modified_gmt":"2023-08-31T08:32:34","slug":"actualites","status":"publish","type":"page","link":"https:\/\/www.oleronaise.com\/en\/actualites\/","title":{"rendered":"News"},"content":{"rendered":"<div data-elementor-type=\"wp-page\" data-elementor-id=\"1125\" class=\"elementor elementor-1125\" data-elementor-post-type=\"page\">\n\t\t\t\t\t\t<section class=\"elementor-section elementor-top-section elementor-element elementor-element-2af5043 elementor-section-boxed elementor-section-height-default elementor-section-height-default\" data-id=\"2af5043\" data-element_type=\"section\">\n\t\t\t\t\t\t<div class=\"elementor-container elementor-column-gap-default\">\n\t\t\t\t\t<div class=\"elementor-column elementor-col-100 elementor-top-column elementor-element elementor-element-b6f7400\" data-id=\"b6f7400\" data-element_type=\"column\">\n\t\t\t<div class=\"elementor-widget-wrap elementor-element-populated\">\n\t\t\t\t\t\t<div class=\"elementor-element elementor-element-2616f07 elementor-widget elementor-widget-heading\" data-id=\"2616f07\" data-element_type=\"widget\" data-widget_type=\"heading.default\">\n\t\t\t\t<div class=\"elementor-widget-container\">\n\t\t\t<h1 class=\"elementor-heading-title elementor-size-default\">News of l'Ol\u00e9ronaise<\/h1>\t\t<\/div>\n\t\t\t\t<\/div>\n\t\t\t\t<div class=\"elementor-element elementor-element-16e5985 elementor-widget elementor-widget-spacer\" data-id=\"16e5985\" data-element_type=\"widget\" data-widget_type=\"spacer.default\">\n\t\t\t\t<div class=\"elementor-widget-container\">\n\t\t\t\t\t<div class=\"elementor-spacer\">\n\t\t\t<div class=\"elementor-spacer-inner\"><\/div>\n\t\t<\/div>\n\t\t\t\t<\/div>\n\t\t\t\t<\/div>\n\t\t\t\t<div class=\"elementor-element elementor-element-b099028 elementor-widget elementor-widget-spacer\" data-id=\"b099028\" data-element_type=\"widget\" data-widget_type=\"spacer.default\">\n\t\t\t\t<div class=\"elementor-widget-container\">\n\t\t\t\t\t<div class=\"elementor-spacer\">\n\t\t\t<div class=\"elementor-spacer-inner\"><\/div>\n\t\t<\/div>\n\t\t\t\t<\/div>\n\t\t\t\t<\/div>\n\t\t\t\t\t<\/div>\n\t\t<\/div>\n\t\t\t\t\t<\/div>\n\t\t<\/section>\n\t\t\t\t<section class=\"elementor-section elementor-top-section elementor-element elementor-element-b045c99 elementor-section-boxed elementor-section-height-default elementor-section-height-default\" data-id=\"b045c99\" data-element_type=\"section\">\n\t\t\t\t\t\t<div class=\"elementor-container elementor-column-gap-default\">\n\t\t\t\t\t<div class=\"elementor-column elementor-col-100 elementor-top-column elementor-element elementor-element-6295cc4\" data-id=\"6295cc4\" data-element_type=\"column\">\n\t\t\t<div class=\"elementor-widget-wrap elementor-element-populated\">\n\t\t\t\t\t\t<div class=\"elementor-element elementor-element-6b35db9 elementor-grid-3 elementor-grid-tablet-2 elementor-grid-mobile-1 elementor-posts--thumbnail-top elementor-card-shadow-yes elementor-posts__hover-gradient elementor-widget elementor-widget-posts\" data-id=\"6b35db9\" data-element_type=\"widget\" data-settings=\"{&quot;cards_masonry&quot;:&quot;yes&quot;,&quot;pagination_type&quot;:&quot;numbers&quot;,&quot;cards_columns&quot;:&quot;3&quot;,&quot;cards_columns_tablet&quot;:&quot;2&quot;,&quot;cards_columns_mobile&quot;:&quot;1&quot;,&quot;cards_row_gap&quot;:{&quot;unit&quot;:&quot;px&quot;,&quot;size&quot;:35,&quot;sizes&quot;:[]},&quot;cards_row_gap_tablet&quot;:{&quot;unit&quot;:&quot;px&quot;,&quot;size&quot;:&quot;&quot;,&quot;sizes&quot;:[]},&quot;cards_row_gap_mobile&quot;:{&quot;unit&quot;:&quot;px&quot;,&quot;size&quot;:&quot;&quot;,&quot;sizes&quot;:[]},&quot;load_more_spinner&quot;:{&quot;value&quot;:&quot;fas fa-spinner&quot;,&quot;library&quot;:&quot;fa-solid&quot;}}\" data-widget_type=\"posts.cards\">\n\t\t\t\t<div class=\"elementor-widget-container\">\n\t\t\t\t\t<div class=\"elementor-posts-container elementor-posts elementor-posts--skin-cards elementor-grid\">\n\t\t\t\t<article class=\"elementor-post elementor-grid-item post-5157 post type-post status-publish format-standard has-post-thumbnail hentry category-actualites\">\n\t\t\t<div class=\"elementor-post__card\">\n\t\t\t\t<a class=\"elementor-post__thumbnail__link\" href=\"https:\/\/www.oleronaise.com\/en\/vente-huitres-direct-producteur\/\" tabindex=\"-1\" ><div class=\"elementor-post__thumbnail\"><img decoding=\"async\" width=\"300\" height=\"134\" src=\"https:\/\/www.oleronaise.com\/wp-content\/uploads\/sow-lol_devanture-1400x624web-300x134.webp\" class=\"attachment-medium size-medium wp-image-5166\" alt=\"vente hu\u00eetres direct producteur\" srcset=\"https:\/\/www.oleronaise.com\/wp-content\/uploads\/sow-lol_devanture-1400x624web-300x134.webp 300w, https:\/\/www.oleronaise.com\/wp-content\/uploads\/sow-lol_devanture-1400x624web-1024x456.webp 1024w, https:\/\/www.oleronaise.com\/wp-content\/uploads\/sow-lol_devanture-1400x624web-768x342.webp 768w, https:\/\/www.oleronaise.com\/wp-content\/uploads\/sow-lol_devanture-1400x624web-18x8.webp 18w, https:\/\/www.oleronaise.com\/wp-content\/uploads\/sow-lol_devanture-1400x624web.webp 1400w\" sizes=\"(max-width: 300px) 100vw, 300px\" \/><\/div><\/a>\n\t\t\t\t<div class=\"elementor-post__text\">\n\t\t\t\t<h2 class=\"elementor-post__title\">\n\t\t\t<a href=\"https:\/\/www.oleronaise.com\/en\/vente-huitres-direct-producteur\/\" >\n\t\t\t\tL\u2019Ol\u00e9ronaise \u2013 Buy Oysters Directly from the Producer on the Island of Ol\u00e9ron\t\t\t<\/a>\n\t\t<\/h2>\n\t\t\t\t<div class=\"elementor-post__excerpt\">\n\t\t\t<p>Une boutique d\u2019hu\u00eetres \u00e0 Ch\u00e2teau d\u2019Ol\u00e9ron, ancr\u00e9e dans le terroir marin Fond\u00e9e en 2021, La Boutique L\u2019Ol\u00e9ronaise est n\u00e9e de la volont\u00e9 de valoriser le<\/p>\n\t\t<\/div>\n\t\t\n\t\t<a class=\"elementor-post__read-more\" href=\"https:\/\/www.oleronaise.com\/en\/vente-huitres-direct-producteur\/\" aria-label=\"Read more about L\u2019Ol\u00e9ronaise \u2013 Vente d\u2019hu\u00eetres direct producteur au go\u00fbt de l\u2019\u00eele\" tabindex=\"-1\" >\n\t\t\tREAD MORE\t\t<\/a>\n\n\t\t\t\t<\/div>\n\t\t\t\t<div class=\"elementor-post__meta-data\">\n\t\t\t\t\t<span class=\"elementor-post-date\">\n\t\t\t24 September 2025\t\t<\/span>\n\t\t\t\t<\/div>\n\t\t\t\t\t<\/div>\n\t\t<\/article>\n\t\t\t\t<article class=\"elementor-post elementor-grid-item post-4834 post type-post status-publish format-standard has-post-thumbnail hentry category-actualites\">\n\t\t\t<div class=\"elementor-post__card\">\n\t\t\t\t<a class=\"elementor-post__thumbnail__link\" href=\"https:\/\/www.oleronaise.com\/en\/recyclage-des-coquilles-dhuitres\/\" tabindex=\"-1\" ><div class=\"elementor-post__thumbnail\"><img fetchpriority=\"high\" decoding=\"async\" width=\"300\" height=\"169\" src=\"https:\/\/www.oleronaise.com\/wp-content\/uploads\/ole-coquille-huitres-800x450web-300x169.jpg\" class=\"attachment-medium size-medium wp-image-4841\" alt=\"L&#039;Ol\u00e9ronaise\" srcset=\"https:\/\/www.oleronaise.com\/wp-content\/uploads\/ole-coquille-huitres-800x450web-300x169.jpg 300w, https:\/\/www.oleronaise.com\/wp-content\/uploads\/ole-coquille-huitres-800x450web-768x432.jpg 768w, https:\/\/www.oleronaise.com\/wp-content\/uploads\/ole-coquille-huitres-800x450web-18x10.jpg 18w, https:\/\/www.oleronaise.com\/wp-content\/uploads\/ole-coquille-huitres-800x450web.jpg 800w\" sizes=\"(max-width: 300px) 100vw, 300px\" \/><\/div><\/a>\n\t\t\t\t<div class=\"elementor-post__text\">\n\t\t\t\t<h2 class=\"elementor-post__title\">\n\t\t\t<a href=\"https:\/\/www.oleronaise.com\/en\/recyclage-des-coquilles-dhuitres\/\" >\n\t\t\t\tRecyclage des coquilles d&rsquo;hu\u00eetres\t\t\t<\/a>\n\t\t<\/h2>\n\t\t\t\t<div class=\"elementor-post__excerpt\">\n\t\t\t<p>Oyster Shell Recycling: Give Your Shells a Second Life\nRecycling oyster shells is an eco-friendly and versatile way to make the most out of them.<\/p>\n\t\t<\/div>\n\t\t\n\t\t<a class=\"elementor-post__read-more\" href=\"https:\/\/www.oleronaise.com\/en\/recyclage-des-coquilles-dhuitres\/\" aria-label=\"Read more about Recyclage des coquilles d&rsquo;hu\u00eetres\" tabindex=\"-1\" >\n\t\t\tREAD MORE\t\t<\/a>\n\n\t\t\t\t<\/div>\n\t\t\t\t<div class=\"elementor-post__meta-data\">\n\t\t\t\t\t<span class=\"elementor-post-date\">\n\t\t\t23 August 2024\t\t<\/span>\n\t\t\t\t<\/div>\n\t\t\t\t\t<\/div>\n\t\t<\/article>\n\t\t\t\t<article class=\"elementor-post elementor-grid-item post-4770 post type-post status-publish format-standard has-post-thumbnail hentry category-actualites\">\n\t\t\t<div class=\"elementor-post__card\">\n\t\t\t\t<a class=\"elementor-post__thumbnail__link\" href=\"https:\/\/www.oleronaise.com\/en\/un-peu-de-vocabulaire-ostreicole\/\" tabindex=\"-1\" ><div class=\"elementor-post__thumbnail\"><img decoding=\"async\" width=\"300\" height=\"216\" src=\"https:\/\/www.oleronaise.com\/wp-content\/uploads\/lo-voc_ostreicole_CHALAND-750x540web-300x216.jpg\" class=\"attachment-medium size-medium wp-image-4775\" alt=\"vocabulaire ostr\u00e9icole\" srcset=\"https:\/\/www.oleronaise.com\/wp-content\/uploads\/lo-voc_ostreicole_CHALAND-750x540web-300x216.jpg 300w, https:\/\/www.oleronaise.com\/wp-content\/uploads\/lo-voc_ostreicole_CHALAND-750x540web-18x12.jpg 18w, https:\/\/www.oleronaise.com\/wp-content\/uploads\/lo-voc_ostreicole_CHALAND-750x540web.jpg 750w\" sizes=\"(max-width: 300px) 100vw, 300px\" \/><\/div><\/a>\n\t\t\t\t<div class=\"elementor-post__text\">\n\t\t\t\t<h2 class=\"elementor-post__title\">\n\t\t\t<a href=\"https:\/\/www.oleronaise.com\/en\/un-peu-de-vocabulaire-ostreicole\/\" >\n\t\t\t\tExploring Oyster Farming Vocabular\t\t\t<\/a>\n\t\t<\/h2>\n\t\t\t\t<div class=\"elementor-post__excerpt\">\n\t\t\t<p>\u00cates-vous pr\u00eats \u00e0 embarquer sur le fiacre du ponton, rev\u00eatus de votre plus belle chulotte pour vous pr\u00e9munir de la fagne, avant de hisser les<\/p>\n\t\t<\/div>\n\t\t\n\t\t<a class=\"elementor-post__read-more\" href=\"https:\/\/www.oleronaise.com\/en\/un-peu-de-vocabulaire-ostreicole\/\" aria-label=\"Read more about Un peu de vocabulaire ostr\u00e9icole\" tabindex=\"-1\" >\n\t\t\tREAD MORE\t\t<\/a>\n\n\t\t\t\t<\/div>\n\t\t\t\t<div class=\"elementor-post__meta-data\">\n\t\t\t\t\t<span class=\"elementor-post-date\">\n\t\t\t18 June 2024\t\t<\/span>\n\t\t\t\t<\/div>\n\t\t\t\t\t<\/div>\n\t\t<\/article>\n\t\t\t\t<article class=\"elementor-post elementor-grid-item post-4673 post type-post status-publish format-standard has-post-thumbnail hentry category-actualites\">\n\t\t\t<div class=\"elementor-post__card\">\n\t\t\t\t<a class=\"elementor-post__thumbnail__link\" href=\"https:\/\/www.oleronaise.com\/en\/lhuitre-dans-lhistoire\/\" tabindex=\"-1\" ><div class=\"elementor-post__thumbnail\"><img loading=\"lazy\" decoding=\"async\" width=\"207\" height=\"300\" src=\"https:\/\/www.oleronaise.com\/wp-content\/uploads\/Le-Dejeuner-dhuitres-Jean-Francois-de-Troy-1735.jpg\" class=\"attachment-medium size-medium wp-image-4675\" alt=\"L&#039;hu\u00eetre dans l&#039;histoire\" \/><\/div><\/a>\n\t\t\t\t<div class=\"elementor-post__text\">\n\t\t\t\t<h2 class=\"elementor-post__title\">\n\t\t\t<a href=\"https:\/\/www.oleronaise.com\/en\/lhuitre-dans-lhistoire\/\" >\n\t\t\t\tOysters Throughout History\t\t\t<\/a>\n\t\t<\/h2>\n\t\t\t\t<div class=\"elementor-post__excerpt\">\n\t\t\t<p>Les hu\u00eetres durant l\u2019Antiquit\u00e9 L\u2019hu\u00eetre \u00e9tait d\u00e9j\u00e0 cultiv\u00e9e dans la Chine antique.\u00a0 Des bambous entaill\u00e9s sur lesquels \u00e9taient fix\u00e9es des coquilles \u00e9taient alors dispos\u00e9s en<\/p>\n\t\t<\/div>\n\t\t\n\t\t<a class=\"elementor-post__read-more\" href=\"https:\/\/www.oleronaise.com\/en\/lhuitre-dans-lhistoire\/\" aria-label=\"Read more about L\u2019Hu\u00eetre dans l\u2019histoire\" tabindex=\"-1\" >\n\t\t\tREAD MORE\t\t<\/a>\n\n\t\t\t\t<\/div>\n\t\t\t\t<div class=\"elementor-post__meta-data\">\n\t\t\t\t\t<span class=\"elementor-post-date\">\n\t\t\t19 April 2024\t\t<\/span>\n\t\t\t\t<\/div>\n\t\t\t\t\t<\/div>\n\t\t<\/article>\n\t\t\t\t<article class=\"elementor-post elementor-grid-item post-4615 post type-post status-publish format-standard has-post-thumbnail hentry category-actualites\">\n\t\t\t<div class=\"elementor-post__card\">\n\t\t\t\t<a class=\"elementor-post__thumbnail__link\" href=\"https:\/\/www.oleronaise.com\/en\/lequipe-de-loleronaise\/\" tabindex=\"-1\" ><div class=\"elementor-post__thumbnail\"><img loading=\"lazy\" decoding=\"async\" width=\"300\" height=\"300\" src=\"https:\/\/www.oleronaise.com\/wp-content\/uploads\/olr-article_equipe-650x650web.jpg\" class=\"attachment-medium size-medium wp-image-4617\" alt=\"L&#039;Ol\u00e9ronaise\" \/><\/div><\/a>\n\t\t\t\t<div class=\"elementor-post__text\">\n\t\t\t\t<h2 class=\"elementor-post__title\">\n\t\t\t<a href=\"https:\/\/www.oleronaise.com\/en\/lequipe-de-loleronaise\/\" >\n\t\t\t\tL&rsquo;\u00e9quipe de L&rsquo;Ol\u00e9ronaise\t\t\t<\/a>\n\t\t<\/h2>\n\t\t\t\t<div class=\"elementor-post__excerpt\">\n\t\t\t<p>After wrapping and shipping tirelessly during the holidays, now that our activity has slowed down a bit, it was time to inform you<\/p>\n\t\t<\/div>\n\t\t\n\t\t<a class=\"elementor-post__read-more\" href=\"https:\/\/www.oleronaise.com\/en\/lequipe-de-loleronaise\/\" aria-label=\"Read more about L&rsquo;\u00e9quipe de L&rsquo;Ol\u00e9ronaise\" tabindex=\"-1\" >\n\t\t\tREAD MORE\t\t<\/a>\n\n\t\t\t\t<\/div>\n\t\t\t\t<div class=\"elementor-post__meta-data\">\n\t\t\t\t\t<span class=\"elementor-post-date\">\n\t\t\t16 February 2024\t\t<\/span>\n\t\t\t\t<\/div>\n\t\t\t\t\t<\/div>\n\t\t<\/article>\n\t\t\t\t<article class=\"elementor-post elementor-grid-item post-4449 post type-post status-publish format-standard has-post-thumbnail hentry category-actualites\">\n\t\t\t<div class=\"elementor-post__card\">\n\t\t\t\t<a class=\"elementor-post__thumbnail__link\" href=\"https:\/\/www.oleronaise.com\/en\/la-vie-de-lhuitre\/\" tabindex=\"-1\" ><div class=\"elementor-post__thumbnail\"><img loading=\"lazy\" decoding=\"async\" width=\"300\" height=\"200\" src=\"https:\/\/www.oleronaise.com\/wp-content\/uploads\/2023-12-13-OLE_18-Emballage-500x333web-1.jpg\" class=\"attachment-medium size-medium wp-image-4519\" alt=\"Hu\u00eetre l&#039;Ol\u00e9ronaise\" srcset=\"https:\/\/www.oleronaise.com\/wp-content\/uploads\/2023-12-13-OLE_18-Emballage-500x333web-1.jpg 500w, https:\/\/www.oleronaise.com\/wp-content\/uploads\/2023-12-13-OLE_18-Emballage-500x333web-1-18x12.jpg 18w\" sizes=\"(max-width: 300px) 100vw, 300px\" \/><\/div><\/a>\n\t\t\t\t<div class=\"elementor-post__text\">\n\t\t\t\t<h2 class=\"elementor-post__title\">\n\t\t\t<a href=\"https:\/\/www.oleronaise.com\/en\/la-vie-de-lhuitre\/\" >\n\t\t\t\tOyster's Journey\t\t\t<\/a>\n\t\t<\/h2>\n\t\t\t\t<div class=\"elementor-post__excerpt\">\n\t\t\t<p>A light and delicate dish savored in just a few minutes, one does not suspect the amount of work its cultivation required, from its birth to<\/p>\n\t\t<\/div>\n\t\t\n\t\t<a class=\"elementor-post__read-more\" href=\"https:\/\/www.oleronaise.com\/en\/la-vie-de-lhuitre\/\" aria-label=\"Read more about La vie de l\u2019hu\u00eetre\" tabindex=\"-1\" >\n\t\t\tREAD MORE\t\t<\/a>\n\n\t\t\t\t<\/div>\n\t\t\t\t<div class=\"elementor-post__meta-data\">\n\t\t\t\t\t<span class=\"elementor-post-date\">\n\t\t\t15 December 2023\t\t<\/span>\n\t\t\t\t<\/div>\n\t\t\t\t\t<\/div>\n\t\t<\/article>\n\t\t\t\t<\/div>\n\t\t\n\t\t\t\t<div class=\"e-load-more-anchor\" data-page=\"1\" data-max-page=\"3\" data-next-page=\"https:\/\/www.oleronaise.com\/wp-json\/wp\/v2\/pages\/1125\/page\/2\/\"><\/div>\n\t\t\t\t<nav class=\"elementor-pagination\" aria-label=\"Pagination\">\n\t\t\t<span aria-current=\"page\" class=\"page-numbers current\"><span class=\"elementor-screen-only\">Page<\/span>1<\/span>\n<a class=\"page-numbers\" href=\"https:\/\/www.oleronaise.com\/wp-json\/wp\/v2\/pages\/1125\/page\/2\/\"><span class=\"elementor-screen-only\">Page<\/span>2<\/a>\n<a class=\"page-numbers\" href=\"https:\/\/www.oleronaise.com\/wp-json\/wp\/v2\/pages\/1125\/page\/3\/\"><span class=\"elementor-screen-only\">Page<\/span>3<\/a>\t\t<\/nav>\n\t\t\t\t<\/div>\n\t\t\t\t<\/div>\n\t\t\t\t\t<\/div>\n\t\t<\/div>\n\t\t\t\t\t<\/div>\n\t\t<\/section>\n\t\t\t\t<\/div>","protected":false},"excerpt":{"rendered":"<p>Actualit\u00e9s de l&rsquo;Ol\u00e9ronaise<\/p>","protected":false},"author":1,"featured_media":0,"parent":0,"menu_order":0,"comment_status":"closed","ping_status":"closed","template":"","meta":{"footnotes":""},"class_list":["post-1125","page","type-page","status-publish","hentry"],"yoast_head":"<!-- This site is optimized with the Yoast SEO plugin v24.9 - https:\/\/yoast.com\/wordpress\/plugins\/seo\/ -->\n<title>Actualit\u00e9s - L&#039;Ol\u00e9ronaise<\/title>\n<meta name=\"robots\" content=\"index, follow, max-snippet:-1, max-image-preview:large, max-video-preview:-1\" \/>\n<link rel=\"canonical\" href=\"https:\/\/www.oleronaise.com\/en\/actualites\/\" \/>\n<meta property=\"og:locale\" content=\"en_GB\" \/>\n<meta property=\"og:type\" content=\"article\" \/>\n<meta property=\"og:title\" content=\"Actualit\u00e9s - L&#039;Ol\u00e9ronaise\" \/>\n<meta property=\"og:description\" content=\"Actualit\u00e9s de l&rsquo;Ol\u00e9ronaise\" \/>\n<meta property=\"og:url\" content=\"https:\/\/www.oleronaise.com\/en\/actualites\/\" \/>\n<meta property=\"og:site_name\" content=\"L&#039;Ol\u00e9ronaise\" \/>\n<meta property=\"article:modified_time\" content=\"2023-08-31T08:32:34+00:00\" \/>\n<meta name=\"twitter:card\" content=\"summary_large_image\" \/>\n<meta name=\"twitter:label1\" content=\"Estimated reading time\" \/>\n\t<meta name=\"twitter:data1\" content=\"3 minutes\" \/>\n<script type=\"application\/ld+json\" class=\"yoast-schema-graph\">{\"@context\":\"https:\/\/schema.org\",\"@graph\":[{\"@type\":\"WebPage\",\"@id\":\"https:\/\/www.oleronaise.com\/actualites\/\",\"url\":\"https:\/\/www.oleronaise.com\/actualites\/\",\"name\":\"Actualit\u00e9s - L&#039;Ol\u00e9ronaise\",\"isPartOf\":{\"@id\":\"https:\/\/www.oleronaise.com\/#website\"},\"datePublished\":\"2021-09-05T10:13:14+00:00\",\"dateModified\":\"2023-08-31T08:32:34+00:00\",\"breadcrumb\":{\"@id\":\"https:\/\/www.oleronaise.com\/actualites\/#breadcrumb\"},\"inLanguage\":\"en-GB\",\"potentialAction\":[{\"@type\":\"ReadAction\",\"target\":[\"https:\/\/www.oleronaise.com\/actualites\/\"]}]},{\"@type\":\"BreadcrumbList\",\"@id\":\"https:\/\/www.oleronaise.com\/actualites\/#breadcrumb\",\"itemListElement\":[{\"@type\":\"ListItem\",\"position\":1,\"name\":\"Home\",\"item\":\"https:\/\/www.oleronaise.com\/\"},{\"@type\":\"ListItem\",\"position\":2,\"name\":\"Actualit\u00e9s\"}]},{\"@type\":\"WebSite\",\"@id\":\"https:\/\/www.oleronaise.com\/#website\",\"url\":\"https:\/\/www.oleronaise.com\/\",\"name\":\"L&#039;Ol\u00e9ronaise\",\"description\":\"\",\"publisher\":{\"@id\":\"https:\/\/www.oleronaise.com\/#organization\"},\"potentialAction\":[{\"@type\":\"SearchAction\",\"target\":{\"@type\":\"EntryPoint\",\"urlTemplate\":\"https:\/\/www.oleronaise.com\/?s={search_term_string}\"},\"query-input\":{\"@type\":\"PropertyValueSpecification\",\"valueRequired\":true,\"valueName\":\"search_term_string\"}}],\"inLanguage\":\"en-GB\"},{\"@type\":\"Organization\",\"@id\":\"https:\/\/www.oleronaise.com\/#organization\",\"name\":\"L&#039;Ol\u00e9ronaise\",\"url\":\"https:\/\/www.oleronaise.com\/\",\"logo\":{\"@type\":\"ImageObject\",\"inLanguage\":\"en-GB\",\"@id\":\"https:\/\/www.oleronaise.com\/#\/schema\/logo\/image\/\",\"url\":\"https:\/\/www.oleronaise.com\/wp-content\/uploads\/logo-loleronaise.png\",\"contentUrl\":\"https:\/\/www.oleronaise.com\/wp-content\/uploads\/logo-loleronaise.png\",\"width\":106,\"height\":232,\"caption\":\"L&#039;Ol\u00e9ronaise\"},\"image\":{\"@id\":\"https:\/\/www.oleronaise.com\/#\/schema\/logo\/image\/\"}}]}<\/script>\n<!-- \/ Yoast SEO plugin. -->","yoast_head_json":{"title":"Actualit\u00e9s - L&#039;Ol\u00e9ronaise","robots":{"index":"index","follow":"follow","max-snippet":"max-snippet:-1","max-image-preview":"max-image-preview:large","max-video-preview":"max-video-preview:-1"},"canonical":"https:\/\/www.oleronaise.com\/en\/actualites\/","og_locale":"en_GB","og_type":"article","og_title":"Actualit\u00e9s - L&#039;Ol\u00e9ronaise","og_description":"Actualit\u00e9s de l&rsquo;Ol\u00e9ronaise","og_url":"https:\/\/www.oleronaise.com\/en\/actualites\/","og_site_name":"L&#039;Ol\u00e9ronaise","article_modified_time":"2023-08-31T08:32:34+00:00","twitter_card":"summary_large_image","twitter_misc":{"Estimated reading time":"3 minutes"},"schema":{"@context":"https:\/\/schema.org","@graph":[{"@type":"WebPage","@id":"https:\/\/www.oleronaise.com\/actualites\/","url":"https:\/\/www.oleronaise.com\/actualites\/","name":"Actualit\u00e9s - L&#039;Ol\u00e9ronaise","isPartOf":{"@id":"https:\/\/www.oleronaise.com\/#website"},"datePublished":"2021-09-05T10:13:14+00:00","dateModified":"2023-08-31T08:32:34+00:00","breadcrumb":{"@id":"https:\/\/www.oleronaise.com\/actualites\/#breadcrumb"},"inLanguage":"en-GB","potentialAction":[{"@type":"ReadAction","target":["https:\/\/www.oleronaise.com\/actualites\/"]}]},{"@type":"BreadcrumbList","@id":"https:\/\/www.oleronaise.com\/actualites\/#breadcrumb","itemListElement":[{"@type":"ListItem","position":1,"name":"Home","item":"https:\/\/www.oleronaise.com\/"},{"@type":"ListItem","position":2,"name":"Actualit\u00e9s"}]},{"@type":"WebSite","@id":"https:\/\/www.oleronaise.com\/#website","url":"https:\/\/www.oleronaise.com\/","name":"L&#039;Ol\u00e9ronaise","description":"","publisher":{"@id":"https:\/\/www.oleronaise.com\/#organization"},"potentialAction":[{"@type":"SearchAction","target":{"@type":"EntryPoint","urlTemplate":"https:\/\/www.oleronaise.com\/?s={search_term_string}"},"query-input":{"@type":"PropertyValueSpecification","valueRequired":true,"valueName":"search_term_string"}}],"inLanguage":"en-GB"},{"@type":"Organization","@id":"https:\/\/www.oleronaise.com\/#organization","name":"L&#039;Ol\u00e9ronaise","url":"https:\/\/www.oleronaise.com\/","logo":{"@type":"ImageObject","inLanguage":"en-GB","@id":"https:\/\/www.oleronaise.com\/#\/schema\/logo\/image\/","url":"https:\/\/www.oleronaise.com\/wp-content\/uploads\/logo-loleronaise.png","contentUrl":"https:\/\/www.oleronaise.com\/wp-content\/uploads\/logo-loleronaise.png","width":106,"height":232,"caption":"L&#039;Ol\u00e9ronaise"},"image":{"@id":"https:\/\/www.oleronaise.com\/#\/schema\/logo\/image\/"}}]}},"_links":{"self":[{"href":"https:\/\/www.oleronaise.com\/en\/wp-json\/wp\/v2\/pages\/1125","targetHints":{"allow":["GET"]}}],"collection":[{"href":"https:\/\/www.oleronaise.com\/en\/wp-json\/wp\/v2\/pages"}],"about":[{"href":"https:\/\/www.oleronaise.com\/en\/wp-json\/wp\/v2\/types\/page"}],"author":[{"embeddable":true,"href":"https:\/\/www.oleronaise.com\/en\/wp-json\/wp\/v2\/users\/1"}],"replies":[{"embeddable":true,"href":"https:\/\/www.oleronaise.com\/en\/wp-json\/wp\/v2\/comments?post=1125"}],"version-history":[{"count":4,"href":"https:\/\/www.oleronaise.com\/en\/wp-json\/wp\/v2\/pages\/1125\/revisions"}],"predecessor-version":[{"id":4447,"href":"https:\/\/www.oleronaise.com\/en\/wp-json\/wp\/v2\/pages\/1125\/revisions\/4447"}],"wp:attachment":[{"href":"https:\/\/www.oleronaise.com\/en\/wp-json\/wp\/v2\/media?parent=1125"}],"curies":[{"name":"wp","href":"https:\/\/api.w.org\/{rel}","templated":true}]}}