{"id":1247,"date":"2021-09-12T12:09:19","date_gmt":"2021-09-12T11:09:19","guid":{"rendered":"https:\/\/www.oleronaise.com\/?page_id=1247"},"modified":"2022-06-23T20:57:01","modified_gmt":"2022-06-23T19:57:01","slug":"mentions-legales","status":"publish","type":"page","link":"https:\/\/www.oleronaise.com\/en\/mentions-legales\/","title":{"rendered":"Legal notice"},"content":{"rendered":"<div data-elementor-type=\"wp-page\" data-elementor-id=\"1247\" class=\"elementor elementor-1247\" data-elementor-post-type=\"page\">\n\t\t\t\t\t\t<section class=\"elementor-section elementor-top-section elementor-element elementor-element-45b8f900 elementor-section-boxed elementor-section-height-default elementor-section-height-default\" data-id=\"45b8f900\" data-element_type=\"section\">\n\t\t\t\t\t\t<div class=\"elementor-container elementor-column-gap-default\">\n\t\t\t\t\t<div class=\"elementor-column elementor-col-100 elementor-top-column elementor-element elementor-element-1b4c2325\" data-id=\"1b4c2325\" data-element_type=\"column\">\n\t\t\t<div class=\"elementor-widget-wrap elementor-element-populated\">\n\t\t\t\t\t\t<div class=\"elementor-element elementor-element-6819b9b1 elementor-widget elementor-widget-heading\" data-id=\"6819b9b1\" data-element_type=\"widget\" data-widget_type=\"heading.default\">\n\t\t\t\t<div class=\"elementor-widget-container\">\n\t\t\t<h1 class=\"elementor-heading-title elementor-size-default\">Legal Notice<\/h1>\t\t<\/div>\n\t\t\t\t<\/div>\n\t\t\t\t<div class=\"elementor-element elementor-element-3f52fcf elementor-widget elementor-widget-spacer\" data-id=\"3f52fcf\" data-element_type=\"widget\" data-widget_type=\"spacer.default\">\n\t\t\t\t<div class=\"elementor-widget-container\">\n\t\t\t\t\t<div class=\"elementor-spacer\">\n\t\t\t<div class=\"elementor-spacer-inner\"><\/div>\n\t\t<\/div>\n\t\t\t\t<\/div>\n\t\t\t\t<\/div>\n\t\t\t\t\t<\/div>\n\t\t<\/div>\n\t\t\t\t\t<\/div>\n\t\t<\/section>\n\t\t\t\t<section class=\"elementor-section elementor-top-section elementor-element elementor-element-4e17a139 elementor-section-boxed elementor-section-height-default elementor-section-height-default\" data-id=\"4e17a139\" data-element_type=\"section\">\n\t\t\t\t\t\t<div class=\"elementor-container elementor-column-gap-default\">\n\t\t\t\t\t<div class=\"elementor-column elementor-col-100 elementor-top-column elementor-element elementor-element-18a5a4fd\" data-id=\"18a5a4fd\" data-element_type=\"column\">\n\t\t\t<div class=\"elementor-widget-wrap elementor-element-populated\">\n\t\t\t\t\t\t<div class=\"elementor-element elementor-element-4cb128fe elementor-widget elementor-widget-heading\" data-id=\"4cb128fe\" data-element_type=\"widget\" data-widget_type=\"heading.default\">\n\t\t\t\t<div class=\"elementor-widget-container\">\n\t\t\t<h2 class=\"elementor-heading-title elementor-size-default\">Publisher<\/h2>\t\t<\/div>\n\t\t\t\t<\/div>\n\t\t\t\t<section class=\"elementor-section elementor-inner-section elementor-element elementor-element-58053007 elementor-section-boxed elementor-section-height-default elementor-section-height-default\" data-id=\"58053007\" data-element_type=\"section\">\n\t\t\t\t\t\t<div class=\"elementor-container elementor-column-gap-default\">\n\t\t\t\t\t<div class=\"elementor-column elementor-col-50 elementor-inner-column elementor-element elementor-element-66117176\" data-id=\"66117176\" data-element_type=\"column\">\n\t\t\t<div class=\"elementor-widget-wrap elementor-element-populated\">\n\t\t\t\t\t\t<div class=\"elementor-element elementor-element-c9a8cd7 elementor-widget elementor-widget-text-editor\" data-id=\"c9a8cd7\" data-element_type=\"widget\" data-widget_type=\"text-editor.default\">\n\t\t\t\t<div class=\"elementor-widget-container\">\n\t\t\t\t\t\t\t<div><p><strong>L&rsquo;Ol\u00e9ronaise EARL &#8211; C\u00e9dric Mass\u00e9<\/strong><\/p><p>Prise du Poitou &#8211; 4 rue de la Fontaine<br \/>17480 Le Ch\u00e2teau d&rsquo;Ol\u00e9ron<\/p><p><a href=\"tel:+33546475034\" target=\"_blank\" rel=\"noopener\">05 46 47 50 34<\/a><br \/><a href=\"mailto:contact@oleronaise.com\" target=\"_blank\" rel=\"noopener\">contact@oleronaise.com<\/a><\/p><p>RCS la Rochelle : 424 096 998<\/p><\/div>\t\t\t\t\t\t<\/div>\n\t\t\t\t<\/div>\n\t\t\t\t\t<\/div>\n\t\t<\/div>\n\t\t\t\t<div class=\"elementor-column elementor-col-50 elementor-inner-column elementor-element elementor-element-3821f70e\" data-id=\"3821f70e\" data-element_type=\"column\">\n\t\t\t<div class=\"elementor-widget-wrap\">\n\t\t\t\t\t\t\t<\/div>\n\t\t<\/div>\n\t\t\t\t\t<\/div>\n\t\t<\/section>\n\t\t\t\t\t<\/div>\n\t\t<\/div>\n\t\t\t\t\t<\/div>\n\t\t<\/section>\n\t\t\t\t<section class=\"elementor-section elementor-top-section elementor-element elementor-element-25ed6883 elementor-section-boxed elementor-section-height-default elementor-section-height-default\" data-id=\"25ed6883\" data-element_type=\"section\">\n\t\t\t\t\t\t<div class=\"elementor-container elementor-column-gap-default\">\n\t\t\t\t\t<div class=\"elementor-column elementor-col-100 elementor-top-column elementor-element elementor-element-49c897f7\" data-id=\"49c897f7\" data-element_type=\"column\">\n\t\t\t<div class=\"elementor-widget-wrap elementor-element-populated\">\n\t\t\t\t\t\t<div class=\"elementor-element elementor-element-5de85135 elementor-widget elementor-widget-heading\" data-id=\"5de85135\" data-element_type=\"widget\" data-widget_type=\"heading.default\">\n\t\t\t\t<div class=\"elementor-widget-container\">\n\t\t\t<h2 class=\"elementor-heading-title elementor-size-default\">Legal Notice <\/h2>\t\t<\/div>\n\t\t\t\t<\/div>\n\t\t\t\t<section class=\"elementor-section elementor-inner-section elementor-element elementor-element-5b7a627c elementor-section-boxed elementor-section-height-default elementor-section-height-default\" data-id=\"5b7a627c\" data-element_type=\"section\">\n\t\t\t\t\t\t<div class=\"elementor-container elementor-column-gap-default\">\n\t\t\t\t\t<div class=\"elementor-column elementor-col-50 elementor-inner-column elementor-element elementor-element-3cd5ca48\" data-id=\"3cd5ca48\" data-element_type=\"column\">\n\t\t\t<div class=\"elementor-widget-wrap elementor-element-populated\">\n\t\t\t\t\t\t<div class=\"elementor-element elementor-element-5788e4c2 elementor-widget elementor-widget-image\" data-id=\"5788e4c2\" data-element_type=\"widget\" data-widget_type=\"image.default\">\n\t\t\t\t<div class=\"elementor-widget-container\">\n\t\t\t\t\t\t\t\t\t\t\t\t\t<img fetchpriority=\"high\" decoding=\"async\" width=\"800\" height=\"109\" src=\"https:\/\/www.oleronaise.com\/wp-content\/uploads\/sow-logo-fond_transparent-1026x140-1.png\" class=\"attachment-large size-large wp-image-1252\" alt=\"\" \/>\t\t\t\t\t\t\t\t\t\t\t\t\t<\/div>\n\t\t\t\t<\/div>\n\t\t\t\t<div class=\"elementor-element elementor-element-3f5a0d1b elementor-widget elementor-widget-text-editor\" data-id=\"3f5a0d1b\" data-element_type=\"widget\" data-widget_type=\"text-editor.default\">\n\t\t\t\t<div class=\"elementor-widget-container\">\n\t\t\t\t\t\t\t<div><p><strong>Sowebio Agence web Aquitaine<\/strong><\/p><p>15 rue du Temple<br \/>17310 St Pierre d&rsquo;Ol\u00e9ron<br \/><a href=\"tel:+33546855840\" target=\"_blank\" rel=\"noopener\">05 46 85 58 40<\/a><\/p><p><a href=\"mailto:contact@soweb.io\">contact@soweb.io<\/a><br \/><a href=\"https:\/\/www.soweb.io\/\" target=\"_blank\" rel=\"noopener\">www.soweb.io<\/a><\/p><p>RCS La Rochelle : 844 060 046<\/p><\/div>\t\t\t\t\t\t<\/div>\n\t\t\t\t<\/div>\n\t\t\t\t\t<\/div>\n\t\t<\/div>\n\t\t\t\t<div class=\"elementor-column elementor-col-50 elementor-inner-column elementor-element elementor-element-9efc488\" data-id=\"9efc488\" data-element_type=\"column\">\n\t\t\t<div class=\"elementor-widget-wrap\">\n\t\t\t\t\t\t\t<\/div>\n\t\t<\/div>\n\t\t\t\t\t<\/div>\n\t\t<\/section>\n\t\t\t\t<div class=\"elementor-element elementor-element-227eb9e4 elementor-widget elementor-widget-text-editor\" data-id=\"227eb9e4\" data-element_type=\"widget\" data-widget_type=\"text-editor.default\">\n\t\t\t\t<div class=\"elementor-widget-container\">\n\t\t\t\t\t\t\t<div class=\"translation-block\">We manage the <strong>outsourcing<\/strong> of <strong>web hosting<\/strong> and <strong>associated services<\/strong> (email servers, cloud drives, statistical analysis, backups, supervision, etc.) with our <strong>own physical servers based cluster<\/strong>, ground up on our<strong> multi-domain expertise<\/strong>.<\/div>\t\t\t\t\t\t<\/div>\n\t\t\t\t<\/div>\n\t\t\t\t<div class=\"elementor-element elementor-element-9bea086 elementor-widget elementor-widget-spacer\" data-id=\"9bea086\" data-element_type=\"widget\" data-widget_type=\"spacer.default\">\n\t\t\t\t<div class=\"elementor-widget-container\">\n\t\t\t\t\t<div class=\"elementor-spacer\">\n\t\t\t<div class=\"elementor-spacer-inner\"><\/div>\n\t\t<\/div>\n\t\t\t\t<\/div>\n\t\t\t\t<\/div>\n\t\t\t\t\t<\/div>\n\t\t<\/div>\n\t\t\t\t\t<\/div>\n\t\t<\/section>\n\t\t\t\t<section class=\"elementor-section elementor-top-section elementor-element elementor-element-2bb7102 elementor-section-boxed elementor-section-height-default elementor-section-height-default\" data-id=\"2bb7102\" data-element_type=\"section\">\n\t\t\t\t\t\t<div class=\"elementor-container elementor-column-gap-default\">\n\t\t\t\t\t<div class=\"elementor-column elementor-col-100 elementor-top-column elementor-element elementor-element-66f0f4bf\" data-id=\"66f0f4bf\" data-element_type=\"column\">\n\t\t\t<div class=\"elementor-widget-wrap elementor-element-populated\">\n\t\t\t\t\t\t<div class=\"elementor-element elementor-element-9ae249 elementor-widget elementor-widget-heading\" data-id=\"9ae249\" data-element_type=\"widget\" data-widget_type=\"heading.default\">\n\t\t\t\t<div class=\"elementor-widget-container\">\n\t\t\t<h2 class=\"elementor-heading-title elementor-size-default\">Infrastructure<\/h2>\t\t<\/div>\n\t\t\t\t<\/div>\n\t\t\t\t<div class=\"elementor-element elementor-element-50845286 elementor-widget elementor-widget-text-editor\" data-id=\"50845286\" data-element_type=\"widget\" data-widget_type=\"text-editor.default\">\n\t\t\t\t<div class=\"elementor-widget-container\">\n\t\t\t\t\t\t\t<div><p class=\"translation-block\">Sowebio's infrastructure is interconnected through a 2 Gbps private network dedicated to the company.<\/p><p>Conform\u00e9ment au <strong>RGPD<\/strong>, l&rsquo;infrastructure est exclusivement localis\u00e9e en <strong>France<\/strong> (Gravelines, Paris, Roubaix, Strasbourg) et en <strong>Europe<\/strong> (Francfort), dans les datacentres d&rsquo;<a href=\"https:\/\/www.ovh.com\" target=\"_blank\" rel=\"noopener\">OVHcloud<\/a>, premier h\u00e9bergeur europ\u00e9en.<\/p><p class=\"translation-block\">The infrastructure benefits from OVH's <a href=\"https:\/\/www.ovh.com\/blog\/smaug-the-brand-new-ovhcloud-backbone-network-infrastructure\" target=\"_blank\" rel=\"noopener\" data-mce-href=\"https:\/\/www.ovh.com\/blog\/smaug-the-brand-new-ovhcloud-backbone-network-infrastructure\">global black fiber optic network<\/a> and more than 30 points of presence on the 4 main continents, as well as the most powerful <a href=\"https:\/\/www.ovh.com\/world\/anti-ddos\/technologies.xml\" target=\"_blank\" rel=\"noopener\" data-mce-href=\"https:\/\/www.ovh.com\/world\/anti-ddos\/technologies.xml\">distributed denial of service<\/a> attack protection technology on the market.<\/p><\/div>\t\t\t\t\t\t<\/div>\n\t\t\t\t<\/div>\n\t\t\t\t\t<\/div>\n\t\t<\/div>\n\t\t\t\t\t<\/div>\n\t\t<\/section>\n\t\t\t\t<section class=\"elementor-section elementor-top-section elementor-element elementor-element-4188656c elementor-section-boxed elementor-section-height-default elementor-section-height-default\" data-id=\"4188656c\" data-element_type=\"section\">\n\t\t\t\t\t\t<div class=\"elementor-container elementor-column-gap-default\">\n\t\t\t\t\t<div class=\"elementor-column elementor-col-100 elementor-top-column elementor-element elementor-element-46b52992\" data-id=\"46b52992\" data-element_type=\"column\">\n\t\t\t<div class=\"elementor-widget-wrap elementor-element-populated\">\n\t\t\t\t\t\t<div class=\"elementor-element elementor-element-7d1a3ca1 elementor-widget elementor-widget-heading\" data-id=\"7d1a3ca1\" data-element_type=\"widget\" data-widget_type=\"heading.default\">\n\t\t\t\t<div class=\"elementor-widget-container\">\n\t\t\t<h2 class=\"elementor-heading-title elementor-size-default\">Intellectual property rights<\/h2>\t\t<\/div>\n\t\t\t\t<\/div>\n\t\t\t\t<div class=\"elementor-element elementor-element-29bbf97f elementor-widget elementor-widget-text-editor\" data-id=\"29bbf97f\" data-element_type=\"widget\" data-widget_type=\"text-editor.default\">\n\t\t\t\t<div class=\"elementor-widget-container\">\n\t\t\t\t\t\t\t<div><p>This Site and its components may contain confidential information or information protected by intellectual property or other applicable laws.<\/p><p>The intellectual property rights on the original content of this site are the exclusive property of the publisher. The user of the site is strictly prohibited from copying, modifying, creating a derivative work, assembling, decompiling, assigning, sublicensing or transferring, in any manner whatsoever, any element of this site.<\/p><\/div>\t\t\t\t\t\t<\/div>\n\t\t\t\t<\/div>\n\t\t\t\t\t<\/div>\n\t\t<\/div>\n\t\t\t\t\t<\/div>\n\t\t<\/section>\n\t\t\t\t<section class=\"elementor-section elementor-top-section elementor-element elementor-element-3542de9c elementor-section-boxed elementor-section-height-default elementor-section-height-default\" data-id=\"3542de9c\" data-element_type=\"section\">\n\t\t\t\t\t\t<div class=\"elementor-container elementor-column-gap-default\">\n\t\t\t\t\t<div class=\"elementor-column elementor-col-100 elementor-top-column elementor-element elementor-element-31bd645d\" data-id=\"31bd645d\" data-element_type=\"column\">\n\t\t\t<div class=\"elementor-widget-wrap elementor-element-populated\">\n\t\t\t\t\t\t<div class=\"elementor-element elementor-element-5b48cbbc elementor-widget elementor-widget-heading\" data-id=\"5b48cbbc\" data-element_type=\"widget\" data-widget_type=\"heading.default\">\n\t\t\t\t<div class=\"elementor-widget-container\">\n\t\t\t<h2 class=\"elementor-heading-title elementor-size-default\">Cr\u00e9dits & Copyrights<\/h2>\t\t<\/div>\n\t\t\t\t<\/div>\n\t\t\t\t<div class=\"elementor-element elementor-element-56f23015 elementor-widget elementor-widget-text-editor\" data-id=\"56f23015\" data-element_type=\"widget\" data-widget_type=\"text-editor.default\">\n\t\t\t\t<div class=\"elementor-widget-container\">\n\t\t\t\t\t\t\t<div>Photos : L&rsquo;Ol\u00e9ronaise EARL Mass\u00e9 &#8211; Pont d&rsquo;ol\u00e9ron : <a href=\"https:\/\/https:\/\/commons.wikimedia.org\/wiki\/File:Pont_Ol\u00e9ron2.JPG\" target=\"_blank\" rel=\"noopener\">Wikimedia<\/a>.<\/div><div>Vid\u00e9os Alain Ragu\u00e9n\u00e8s : alain.raguenes@gmail.com<\/div><ul><li>Le p&rsquo;tit dr\u00f4le<\/li><li><a href=\"https:\/\/www.lescaledelupin.fr\/\" target=\"_blank\" rel=\"noopener\">L&rsquo;Escale de Lupin &#8211; Le Chef Pascal Hue cuisine les hu\u00eetres L&rsquo;Ol\u00e9ronaise\u00a0<\/a><\/li><\/ul>\t\t\t\t\t\t<\/div>\n\t\t\t\t<\/div>\n\t\t\t\t\t<\/div>\n\t\t<\/div>\n\t\t\t\t\t<\/div>\n\t\t<\/section>\n\t\t\t\t<\/div>","protected":false},"excerpt":{"rendered":"<p>Mentions L\u00e9gales \u00c9diteur et Directeur de la publication L&rsquo;Ol\u00e9ronaise EARL &#8211; C\u00e9dric Mass\u00e9 Prise du Poitou &#8211; 4 rue de la Fontaine17480 Le Ch\u00e2teau d&rsquo;Ol\u00e9ron 05 46 47 50 34contact@oleronaise.com RCS la Rochelle : 424 096 998 Conception &amp; H\u00e9bergement Sowebio Agence web Aquitaine 15 rue du Temple17310 St Pierre d&rsquo;Ol\u00e9ron05 46 85 58 40 [&hellip;]<\/p>","protected":false},"author":1,"featured_media":0,"parent":0,"menu_order":0,"comment_status":"closed","ping_status":"closed","template":"","meta":{"footnotes":""},"class_list":["post-1247","page","type-page","status-publish","hentry"],"yoast_head":"<!-- This site is optimized with the Yoast SEO plugin v24.9 - https:\/\/yoast.com\/wordpress\/plugins\/seo\/ -->\n<title>Mentions l\u00e9gales - L&#039;Ol\u00e9ronaise<\/title>\n<meta name=\"robots\" content=\"index, follow, max-snippet:-1, max-image-preview:large, max-video-preview:-1\" \/>\n<link rel=\"canonical\" href=\"https:\/\/www.oleronaise.com\/en\/mentions-legales\/\" \/>\n<meta property=\"og:locale\" content=\"en_GB\" \/>\n<meta property=\"og:type\" content=\"article\" \/>\n<meta property=\"og:title\" content=\"Mentions l\u00e9gales - L&#039;Ol\u00e9ronaise\" \/>\n<meta property=\"og:description\" content=\"Mentions L\u00e9gales \u00c9diteur et Directeur de la publication L&rsquo;Ol\u00e9ronaise EARL &#8211; C\u00e9dric Mass\u00e9 Prise du Poitou &#8211; 4 rue de la Fontaine17480 Le Ch\u00e2teau d&rsquo;Ol\u00e9ron 05 46 47 50 34contact@oleronaise.com RCS la Rochelle : 424 096 998 Conception &amp; H\u00e9bergement Sowebio Agence web Aquitaine 15 rue du Temple17310 St Pierre d&rsquo;Ol\u00e9ron05 46 85 58 40 [&hellip;]\" \/>\n<meta property=\"og:url\" content=\"https:\/\/www.oleronaise.com\/en\/mentions-legales\/\" \/>\n<meta property=\"og:site_name\" content=\"L&#039;Ol\u00e9ronaise\" \/>\n<meta property=\"article:modified_time\" content=\"2022-06-23T19:57:01+00:00\" \/>\n<meta property=\"og:image\" content=\"https:\/\/www.oleronaise.com\/wp-content\/uploads\/sow-logo-fond_transparent-1026x140-1.png\" \/>\n<meta name=\"twitter:card\" content=\"summary_large_image\" \/>\n<meta name=\"twitter:label1\" content=\"Estimated reading time\" \/>\n\t<meta name=\"twitter:data1\" content=\"2 minutes\" \/>\n<script type=\"application\/ld+json\" class=\"yoast-schema-graph\">{\"@context\":\"https:\/\/schema.org\",\"@graph\":[{\"@type\":\"WebPage\",\"@id\":\"https:\/\/www.oleronaise.com\/mentions-legales\/\",\"url\":\"https:\/\/www.oleronaise.com\/mentions-legales\/\",\"name\":\"Mentions l\u00e9gales - L&#039;Ol\u00e9ronaise\",\"isPartOf\":{\"@id\":\"https:\/\/www.oleronaise.com\/#website\"},\"primaryImageOfPage\":{\"@id\":\"https:\/\/www.oleronaise.com\/mentions-legales\/#primaryimage\"},\"image\":{\"@id\":\"https:\/\/www.oleronaise.com\/mentions-legales\/#primaryimage\"},\"thumbnailUrl\":\"https:\/\/www.oleronaise.com\/wp-content\/uploads\/sow-logo-fond_transparent-1026x140-1.png\",\"datePublished\":\"2021-09-12T11:09:19+00:00\",\"dateModified\":\"2022-06-23T19:57:01+00:00\",\"breadcrumb\":{\"@id\":\"https:\/\/www.oleronaise.com\/mentions-legales\/#breadcrumb\"},\"inLanguage\":\"en-GB\",\"potentialAction\":[{\"@type\":\"ReadAction\",\"target\":[\"https:\/\/www.oleronaise.com\/mentions-legales\/\"]}]},{\"@type\":\"ImageObject\",\"inLanguage\":\"en-GB\",\"@id\":\"https:\/\/www.oleronaise.com\/mentions-legales\/#primaryimage\",\"url\":\"https:\/\/www.oleronaise.com\/wp-content\/uploads\/sow-logo-fond_transparent-1026x140-1.png\",\"contentUrl\":\"https:\/\/www.oleronaise.com\/wp-content\/uploads\/sow-logo-fond_transparent-1026x140-1.png\"},{\"@type\":\"BreadcrumbList\",\"@id\":\"https:\/\/www.oleronaise.com\/mentions-legales\/#breadcrumb\",\"itemListElement\":[{\"@type\":\"ListItem\",\"position\":1,\"name\":\"Home\",\"item\":\"https:\/\/www.oleronaise.com\/\"},{\"@type\":\"ListItem\",\"position\":2,\"name\":\"Mentions l\u00e9gales\"}]},{\"@type\":\"WebSite\",\"@id\":\"https:\/\/www.oleronaise.com\/#website\",\"url\":\"https:\/\/www.oleronaise.com\/\",\"name\":\"L&#039;Ol\u00e9ronaise\",\"description\":\"\",\"publisher\":{\"@id\":\"https:\/\/www.oleronaise.com\/#organization\"},\"potentialAction\":[{\"@type\":\"SearchAction\",\"target\":{\"@type\":\"EntryPoint\",\"urlTemplate\":\"https:\/\/www.oleronaise.com\/?s={search_term_string}\"},\"query-input\":{\"@type\":\"PropertyValueSpecification\",\"valueRequired\":true,\"valueName\":\"search_term_string\"}}],\"inLanguage\":\"en-GB\"},{\"@type\":\"Organization\",\"@id\":\"https:\/\/www.oleronaise.com\/#organization\",\"name\":\"L&#039;Ol\u00e9ronaise\",\"url\":\"https:\/\/www.oleronaise.com\/\",\"logo\":{\"@type\":\"ImageObject\",\"inLanguage\":\"en-GB\",\"@id\":\"https:\/\/www.oleronaise.com\/#\/schema\/logo\/image\/\",\"url\":\"https:\/\/www.oleronaise.com\/wp-content\/uploads\/logo-loleronaise.png\",\"contentUrl\":\"https:\/\/www.oleronaise.com\/wp-content\/uploads\/logo-loleronaise.png\",\"width\":106,\"height\":232,\"caption\":\"L&#039;Ol\u00e9ronaise\"},\"image\":{\"@id\":\"https:\/\/www.oleronaise.com\/#\/schema\/logo\/image\/\"}}]}<\/script>\n<!-- \/ Yoast SEO plugin. -->","yoast_head_json":{"title":"Mentions l\u00e9gales - L&#039;Ol\u00e9ronaise","robots":{"index":"index","follow":"follow","max-snippet":"max-snippet:-1","max-image-preview":"max-image-preview:large","max-video-preview":"max-video-preview:-1"},"canonical":"https:\/\/www.oleronaise.com\/en\/mentions-legales\/","og_locale":"en_GB","og_type":"article","og_title":"Mentions l\u00e9gales - L&#039;Ol\u00e9ronaise","og_description":"Mentions L\u00e9gales \u00c9diteur et Directeur de la publication L&rsquo;Ol\u00e9ronaise EARL &#8211; C\u00e9dric Mass\u00e9 Prise du Poitou &#8211; 4 rue de la Fontaine17480 Le Ch\u00e2teau d&rsquo;Ol\u00e9ron 05 46 47 50 34contact@oleronaise.com RCS la Rochelle : 424 096 998 Conception &amp; H\u00e9bergement Sowebio Agence web Aquitaine 15 rue du Temple17310 St Pierre d&rsquo;Ol\u00e9ron05 46 85 58 40 [&hellip;]","og_url":"https:\/\/www.oleronaise.com\/en\/mentions-legales\/","og_site_name":"L&#039;Ol\u00e9ronaise","article_modified_time":"2022-06-23T19:57:01+00:00","og_image":[{"url":"https:\/\/www.oleronaise.com\/wp-content\/uploads\/sow-logo-fond_transparent-1026x140-1.png","type":"","width":"","height":""}],"twitter_card":"summary_large_image","twitter_misc":{"Estimated reading time":"2 minutes"},"schema":{"@context":"https:\/\/schema.org","@graph":[{"@type":"WebPage","@id":"https:\/\/www.oleronaise.com\/mentions-legales\/","url":"https:\/\/www.oleronaise.com\/mentions-legales\/","name":"Mentions l\u00e9gales - L&#039;Ol\u00e9ronaise","isPartOf":{"@id":"https:\/\/www.oleronaise.com\/#website"},"primaryImageOfPage":{"@id":"https:\/\/www.oleronaise.com\/mentions-legales\/#primaryimage"},"image":{"@id":"https:\/\/www.oleronaise.com\/mentions-legales\/#primaryimage"},"thumbnailUrl":"https:\/\/www.oleronaise.com\/wp-content\/uploads\/sow-logo-fond_transparent-1026x140-1.png","datePublished":"2021-09-12T11:09:19+00:00","dateModified":"2022-06-23T19:57:01+00:00","breadcrumb":{"@id":"https:\/\/www.oleronaise.com\/mentions-legales\/#breadcrumb"},"inLanguage":"en-GB","potentialAction":[{"@type":"ReadAction","target":["https:\/\/www.oleronaise.com\/mentions-legales\/"]}]},{"@type":"ImageObject","inLanguage":"en-GB","@id":"https:\/\/www.oleronaise.com\/mentions-legales\/#primaryimage","url":"https:\/\/www.oleronaise.com\/wp-content\/uploads\/sow-logo-fond_transparent-1026x140-1.png","contentUrl":"https:\/\/www.oleronaise.com\/wp-content\/uploads\/sow-logo-fond_transparent-1026x140-1.png"},{"@type":"BreadcrumbList","@id":"https:\/\/www.oleronaise.com\/mentions-legales\/#breadcrumb","itemListElement":[{"@type":"ListItem","position":1,"name":"Home","item":"https:\/\/www.oleronaise.com\/"},{"@type":"ListItem","position":2,"name":"Mentions l\u00e9gales"}]},{"@type":"WebSite","@id":"https:\/\/www.oleronaise.com\/#website","url":"https:\/\/www.oleronaise.com\/","name":"L&#039;Ol\u00e9ronaise","description":"","publisher":{"@id":"https:\/\/www.oleronaise.com\/#organization"},"potentialAction":[{"@type":"SearchAction","target":{"@type":"EntryPoint","urlTemplate":"https:\/\/www.oleronaise.com\/?s={search_term_string}"},"query-input":{"@type":"PropertyValueSpecification","valueRequired":true,"valueName":"search_term_string"}}],"inLanguage":"en-GB"},{"@type":"Organization","@id":"https:\/\/www.oleronaise.com\/#organization","name":"L&#039;Ol\u00e9ronaise","url":"https:\/\/www.oleronaise.com\/","logo":{"@type":"ImageObject","inLanguage":"en-GB","@id":"https:\/\/www.oleronaise.com\/#\/schema\/logo\/image\/","url":"https:\/\/www.oleronaise.com\/wp-content\/uploads\/logo-loleronaise.png","contentUrl":"https:\/\/www.oleronaise.com\/wp-content\/uploads\/logo-loleronaise.png","width":106,"height":232,"caption":"L&#039;Ol\u00e9ronaise"},"image":{"@id":"https:\/\/www.oleronaise.com\/#\/schema\/logo\/image\/"}}]}},"_links":{"self":[{"href":"https:\/\/www.oleronaise.com\/en\/wp-json\/wp\/v2\/pages\/1247","targetHints":{"allow":["GET"]}}],"collection":[{"href":"https:\/\/www.oleronaise.com\/en\/wp-json\/wp\/v2\/pages"}],"about":[{"href":"https:\/\/www.oleronaise.com\/en\/wp-json\/wp\/v2\/types\/page"}],"author":[{"embeddable":true,"href":"https:\/\/www.oleronaise.com\/en\/wp-json\/wp\/v2\/users\/1"}],"replies":[{"embeddable":true,"href":"https:\/\/www.oleronaise.com\/en\/wp-json\/wp\/v2\/comments?post=1247"}],"version-history":[{"count":5,"href":"https:\/\/www.oleronaise.com\/en\/wp-json\/wp\/v2\/pages\/1247\/revisions"}],"predecessor-version":[{"id":3099,"href":"https:\/\/www.oleronaise.com\/en\/wp-json\/wp\/v2\/pages\/1247\/revisions\/3099"}],"wp:attachment":[{"href":"https:\/\/www.oleronaise.com\/en\/wp-json\/wp\/v2\/media?parent=1247"}],"curies":[{"name":"wp","href":"https:\/\/api.w.org\/{rel}","templated":true}]}}