{"id":36,"date":"2021-06-07T13:21:31","date_gmt":"2021-06-07T12:21:31","guid":{"rendered":"https:\/\/www.oleronaise.com\/?page_id=36"},"modified":"2025-09-04T15:17:13","modified_gmt":"2025-09-04T14:17:13","slug":"contact","status":"publish","type":"page","link":"https:\/\/www.oleronaise.com\/en\/contact\/","title":{"rendered":"Contact"},"content":{"rendered":"<div data-elementor-type=\"wp-page\" data-elementor-id=\"36\" class=\"elementor elementor-36\" data-elementor-post-type=\"page\">\n\t\t\t\t\t\t<section class=\"elementor-section elementor-top-section elementor-element elementor-element-6127d90 elementor-section-full_width elementor-section-height-default elementor-section-height-default\" data-id=\"6127d90\" data-element_type=\"section\">\n\t\t\t\t\t\t<div class=\"elementor-container elementor-column-gap-default\">\n\t\t\t\t\t<div class=\"elementor-column elementor-col-100 elementor-top-column elementor-element elementor-element-40d11ab\" data-id=\"40d11ab\" data-element_type=\"column\">\n\t\t\t<div class=\"elementor-widget-wrap elementor-element-populated\">\n\t\t\t\t\t\t<div class=\"elementor-element elementor-element-6c67e2b elementor-widget elementor-widget-heading\" data-id=\"6c67e2b\" data-element_type=\"widget\" data-widget_type=\"heading.default\">\n\t\t\t\t<div class=\"elementor-widget-container\">\n\t\t\t<h1 class=\"elementor-heading-title elementor-size-default\">Contact and Informations<\/h1>\t\t<\/div>\n\t\t\t\t<\/div>\n\t\t\t\t<div class=\"elementor-element elementor-element-94c6e7a elementor-widget elementor-widget-spacer\" data-id=\"94c6e7a\" data-element_type=\"widget\" data-widget_type=\"spacer.default\">\n\t\t\t\t<div class=\"elementor-widget-container\">\n\t\t\t\t\t<div class=\"elementor-spacer\">\n\t\t\t<div class=\"elementor-spacer-inner\"><\/div>\n\t\t<\/div>\n\t\t\t\t<\/div>\n\t\t\t\t<\/div>\n\t\t\t\t<div class=\"elementor-element elementor-element-014955e elementor-widget elementor-widget-spacer\" data-id=\"014955e\" data-element_type=\"widget\" data-widget_type=\"spacer.default\">\n\t\t\t\t<div class=\"elementor-widget-container\">\n\t\t\t\t\t<div class=\"elementor-spacer\">\n\t\t\t<div class=\"elementor-spacer-inner\"><\/div>\n\t\t<\/div>\n\t\t\t\t<\/div>\n\t\t\t\t<\/div>\n\t\t\t\t\t<\/div>\n\t\t<\/div>\n\t\t\t\t\t<\/div>\n\t\t<\/section>\n\t\t\t\t<section class=\"elementor-section elementor-top-section elementor-element elementor-element-91ff4eb elementor-section-full_width elementor-section-height-default elementor-section-height-default\" data-id=\"91ff4eb\" data-element_type=\"section\">\n\t\t\t\t\t\t<div class=\"elementor-container elementor-column-gap-default\">\n\t\t\t\t\t<div class=\"elementor-column elementor-col-33 elementor-top-column elementor-element elementor-element-83da967\" data-id=\"83da967\" data-element_type=\"column\">\n\t\t\t<div class=\"elementor-widget-wrap elementor-element-populated\">\n\t\t\t\t\t\t<div class=\"elementor-element elementor-element-7912331 elementor-invisible elementor-widget elementor-widget-image\" data-id=\"7912331\" data-element_type=\"widget\" data-settings=\"{&quot;_animation&quot;:&quot;fadeInLeft&quot;}\" data-widget_type=\"image.default\">\n\t\t\t\t<div class=\"elementor-widget-container\">\n\t\t\t\t\t\t\t\t\t\t\t\t\t<img decoding=\"async\" width=\"139\" height=\"303\" src=\"https:\/\/www.oleronaise.com\/wp-content\/uploads\/Logo-Loleronaise-transparent-09-21.png\" class=\"attachment-large size-large wp-image-1168\" alt=\"L&#039;Ol\u00e9ronaise Hu\u00eetres\" \/>\t\t\t\t\t\t\t\t\t\t\t\t\t<\/div>\n\t\t\t\t<\/div>\n\t\t\t\t\t<\/div>\n\t\t<\/div>\n\t\t\t\t<div class=\"elementor-column elementor-col-33 elementor-top-column elementor-element elementor-element-75a7f18\" data-id=\"75a7f18\" data-element_type=\"column\">\n\t\t\t<div class=\"elementor-widget-wrap elementor-element-populated\">\n\t\t\t\t\t\t<div class=\"elementor-element elementor-element-753df2a elementor-align-center elementor-widget elementor-widget-button\" data-id=\"753df2a\" data-element_type=\"widget\" data-widget_type=\"button.default\">\n\t\t\t\t<div class=\"elementor-widget-container\">\n\t\t\t\t\t<div class=\"elementor-button-wrapper\">\n\t\t\t<a class=\"elementor-button elementor-button-link elementor-size-md\" href=\"tel:+33608061114\">\n\t\t\t\t\t\t<span class=\"elementor-button-content-wrapper\">\n\t\t\t\t\t\t\t\t\t<span class=\"elementor-button-text\">Phone: +33 6 08 06 11 14<\/span>\n\t\t\t\t\t<\/span>\n\t\t\t\t\t<\/a>\n\t\t<\/div>\n\t\t\t\t<\/div>\n\t\t\t\t<\/div>\n\t\t\t\t<div class=\"elementor-element elementor-element-a7b788a elementor-widget elementor-widget-heading\" data-id=\"a7b788a\" data-element_type=\"widget\" data-widget_type=\"heading.default\">\n\t\t\t\t<div class=\"elementor-widget-container\">\n\t\t\t<h2 class=\"elementor-heading-title elementor-size-default\">The Oyster Shop<\/h2>\t\t<\/div>\n\t\t\t\t<\/div>\n\t\t\t\t<div class=\"elementor-element elementor-element-64a644e elementor-widget elementor-widget-text-editor\" data-id=\"64a644e\" data-element_type=\"widget\" data-widget_type=\"text-editor.default\">\n\t\t\t\t<div class=\"elementor-widget-container\">\n\t\t\t\t\t\t\t<p class=\"translation-block\">When you arrive on the island via the D26 road, it\u2019s <a href=\"https:\/\/www.oleronaise.com\/en\/shop\/\">on your left<\/a> before the first roundabout with the multicolored shacks.<\/p>\t\t\t\t\t\t<\/div>\n\t\t\t\t<\/div>\n\t\t\t\t<div class=\"elementor-element elementor-element-77f422b elementor-widget elementor-widget-text-editor\" data-id=\"77f422b\" data-element_type=\"widget\" data-widget_type=\"text-editor.default\">\n\t\t\t\t<div class=\"elementor-widget-container\">\n\t\t\t\t\t\t\t<p>Hors-saison, Evelyne vous accueille du\u00a0 :<\/p><ul><li>Every day EXCEPT Tuesdays and Wednesdays<\/li><li>9h00 \u00e0 13h00<\/li><li>3 PM - 7 PM<\/li><\/ul>\t\t\t\t\t\t<\/div>\n\t\t\t\t<\/div>\n\t\t\t\t<div class=\"elementor-element elementor-element-238cce0 elementor-widget elementor-widget-text-editor\" data-id=\"238cce0\" data-element_type=\"widget\" data-widget_type=\"text-editor.default\">\n\t\t\t\t<div class=\"elementor-widget-container\">\n\t\t\t\t\t\t\t<p>Summer and school holidays:<\/p><ul><li>Every day EXCEPT Wednesdays<\/li><li>9h00 \u00e0 13h00<\/li><li>3 PM - 7 PM<\/li><\/ul>\t\t\t\t\t\t<\/div>\n\t\t\t\t<\/div>\n\t\t\t\t\t<\/div>\n\t\t<\/div>\n\t\t\t\t<div class=\"elementor-column elementor-col-33 elementor-top-column elementor-element elementor-element-41eccce\" data-id=\"41eccce\" data-element_type=\"column\">\n\t\t\t<div class=\"elementor-widget-wrap elementor-element-populated\">\n\t\t\t\t\t\t<div class=\"elementor-element elementor-element-1ff5089 animated-slow elementor-widget elementor-widget-image\" data-id=\"1ff5089\" data-element_type=\"widget\" data-settings=\"{&quot;_animation&quot;:&quot;none&quot;}\" data-widget_type=\"image.default\">\n\t\t\t\t<div class=\"elementor-widget-container\">\n\t\t\t\t\t\t\t\t\t\t\t\t\t<img fetchpriority=\"high\" decoding=\"async\" width=\"567\" height=\"793\" src=\"https:\/\/www.oleronaise.com\/wp-content\/uploads\/Flyer-version-Site-info.png\" class=\"attachment-large size-large wp-image-940\" alt=\"Marennes Ol\u00e9ron Oysters\" \/>\t\t\t\t\t\t\t\t\t\t\t\t\t<\/div>\n\t\t\t\t<\/div>\n\t\t\t\t\t<\/div>\n\t\t<\/div>\n\t\t\t\t\t<\/div>\n\t\t<\/section>\n\t\t\t\t<section class=\"elementor-section elementor-top-section elementor-element elementor-element-662dd29 elementor-section-full_width elementor-section-height-default elementor-section-height-default\" data-id=\"662dd29\" data-element_type=\"section\">\n\t\t\t\t\t\t<div class=\"elementor-container elementor-column-gap-default\">\n\t\t\t\t\t<div class=\"elementor-column elementor-col-100 elementor-top-column elementor-element elementor-element-f81cbe0\" data-id=\"f81cbe0\" data-element_type=\"column\">\n\t\t\t<div class=\"elementor-widget-wrap elementor-element-populated\">\n\t\t\t\t\t\t<div class=\"elementor-element elementor-element-445b8ab elementor-widget elementor-widget-spacer\" data-id=\"445b8ab\" data-element_type=\"widget\" data-widget_type=\"spacer.default\">\n\t\t\t\t<div class=\"elementor-widget-container\">\n\t\t\t\t\t<div class=\"elementor-spacer\">\n\t\t\t<div class=\"elementor-spacer-inner\"><\/div>\n\t\t<\/div>\n\t\t\t\t<\/div>\n\t\t\t\t<\/div>\n\t\t\t\t\t<\/div>\n\t\t<\/div>\n\t\t\t\t\t<\/div>\n\t\t<\/section>\n\t\t\t\t<section class=\"elementor-section elementor-top-section elementor-element elementor-element-3a67892 elementor-section-full_width elementor-section-height-default elementor-section-height-default\" data-id=\"3a67892\" data-element_type=\"section\" data-settings=\"{&quot;background_background&quot;:&quot;classic&quot;}\">\n\t\t\t\t\t\t<div class=\"elementor-container elementor-column-gap-default\">\n\t\t\t\t\t<div class=\"elementor-column elementor-col-50 elementor-top-column elementor-element elementor-element-96a649c\" data-id=\"96a649c\" data-element_type=\"column\">\n\t\t\t<div class=\"elementor-widget-wrap elementor-element-populated\">\n\t\t\t\t\t\t<div class=\"elementor-element elementor-element-41cab72 elementor-widget elementor-widget-spacer\" data-id=\"41cab72\" data-element_type=\"widget\" data-widget_type=\"spacer.default\">\n\t\t\t\t<div class=\"elementor-widget-container\">\n\t\t\t\t\t<div class=\"elementor-spacer\">\n\t\t\t<div class=\"elementor-spacer-inner\"><\/div>\n\t\t<\/div>\n\t\t\t\t<\/div>\n\t\t\t\t<\/div>\n\t\t\t\t<div class=\"elementor-element elementor-element-9b1ec1d elementor-widget elementor-widget-heading\" data-id=\"9b1ec1d\" data-element_type=\"widget\" data-widget_type=\"heading.default\">\n\t\t\t\t<div class=\"elementor-widget-container\">\n\t\t\t<h2 class=\"elementor-heading-title elementor-size-default\">Headquarters<\/h2>\t\t<\/div>\n\t\t\t\t<\/div>\n\t\t\t\t<div class=\"elementor-element elementor-element-1bfd97d .contact-tel elementor-widget elementor-widget-text-editor\" data-id=\"1bfd97d\" data-element_type=\"widget\" data-widget_type=\"text-editor.default\">\n\t\t\t\t<div class=\"elementor-widget-container\">\n\t\t\t\t\t\t\t<p>Prise du Poitou<br \/>4 rue de la Fontaine<br \/>17480 Le Ch\u00e2teau d&rsquo;Ol\u00e9ron<\/p>\t\t\t\t\t\t<\/div>\n\t\t\t\t<\/div>\n\t\t\t\t<div class=\"elementor-element elementor-element-3cd1ee2 elementor-align-center elementor-widget elementor-widget-button\" data-id=\"3cd1ee2\" data-element_type=\"widget\" data-widget_type=\"button.default\">\n\t\t\t\t<div class=\"elementor-widget-container\">\n\t\t\t\t\t<div class=\"elementor-button-wrapper\">\n\t\t\t<a class=\"elementor-button elementor-button-link elementor-size-md\" href=\"tel:+33546475034\">\n\t\t\t\t\t\t<span class=\"elementor-button-content-wrapper\">\n\t\t\t\t\t\t\t\t\t<span class=\"elementor-button-text\">Phone : +33 5 46 47 50 34<\/span>\n\t\t\t\t\t<\/span>\n\t\t\t\t\t<\/a>\n\t\t<\/div>\n\t\t\t\t<\/div>\n\t\t\t\t<\/div>\n\t\t\t\t<div class=\"elementor-element elementor-element-0d4a7ee elementor-widget elementor-widget-google_maps\" data-id=\"0d4a7ee\" data-element_type=\"widget\" data-widget_type=\"google_maps.default\">\n\t\t\t\t<div class=\"elementor-widget-container\">\n\t\t\t\t\t<div class=\"elementor-custom-embed\">\n\t\t\t<iframe loading=\"lazy\"\n\t\t\t\t\tsrc=\"https:\/\/maps.google.com\/maps?q=L%27Ol%C3%A9ronaise&#038;t=m&#038;z=10&#038;output=embed&#038;iwloc=near\"\n\t\t\t\t\ttitle=\"L&#039;Ol\u00e9ronaise\"\n\t\t\t\t\taria-label=\"L&#039;Ol\u00e9ronaise\"\n\t\t\t><\/iframe>\n\t\t<\/div>\n\t\t\t\t<\/div>\n\t\t\t\t<\/div>\n\t\t\t\t<div class=\"elementor-element elementor-element-907b1d4 elementor-widget elementor-widget-spacer\" data-id=\"907b1d4\" data-element_type=\"widget\" data-widget_type=\"spacer.default\">\n\t\t\t\t<div class=\"elementor-widget-container\">\n\t\t\t\t\t<div class=\"elementor-spacer\">\n\t\t\t<div class=\"elementor-spacer-inner\"><\/div>\n\t\t<\/div>\n\t\t\t\t<\/div>\n\t\t\t\t<\/div>\n\t\t\t\t\t<\/div>\n\t\t<\/div>\n\t\t\t\t<div class=\"elementor-column elementor-col-50 elementor-top-column elementor-element elementor-element-6086742\" data-id=\"6086742\" data-element_type=\"column\">\n\t\t\t<div class=\"elementor-widget-wrap elementor-element-populated\">\n\t\t\t\t\t\t<div class=\"elementor-element elementor-element-44e3939 elementor-widget elementor-widget-text-editor\" data-id=\"44e3939\" data-element_type=\"widget\" data-widget_type=\"text-editor.default\">\n\t\t\t\t<div class=\"elementor-widget-container\">\n\t\t\t\t\t\t\t<p>\n<div class=\"wpcf7 no-js\" id=\"wpcf7-f4-o1\" lang=\"fr-FR\" dir=\"ltr\" data-wpcf7-id=\"4\">\n<div class=\"screen-reader-response\"><p role=\"status\" aria-live=\"polite\" aria-atomic=\"true\"><\/p> <ul><\/ul><\/div>\n<form action=\"\/en\/wp-json\/wp\/v2\/pages\/36#wpcf7-f4-o1\" method=\"post\" class=\"wpcf7-form init wpcf7-acceptance-as-validation\" aria-label=\"Formulaire de contact\" novalidate=\"novalidate\" data-status=\"init\" data-trp-original-action=\"\/en\/wp-json\/wp\/v2\/pages\/36#wpcf7-f4-o1\">\n<div style=\"display: none;\">\n<input type=\"hidden\" name=\"_wpcf7\" value=\"4\" \/>\n<input type=\"hidden\" name=\"_wpcf7_version\" value=\"6.0.6\" \/>\n<input type=\"hidden\" name=\"_wpcf7_locale\" value=\"fr_FR\" \/>\n<input type=\"hidden\" name=\"_wpcf7_unit_tag\" value=\"wpcf7-f4-o1\" \/>\n<input type=\"hidden\" name=\"_wpcf7_container_post\" value=\"0\" \/>\n<input type=\"hidden\" name=\"_wpcf7_posted_data_hash\" value=\"\" \/>\n<\/div>\n<p><label> Surname <a style=\"color:red\">*<\/a> <span class=\"wpcf7-form-control-wrap\" data-name=\"your-surname\"><input size=\"40\" maxlength=\"400\" class=\"wpcf7-form-control wpcf7-text wpcf7-validates-as-required\" aria-required=\"true\" aria-invalid=\"false\" value=\"\" type=\"text\" name=\"your-surname\" \/><\/span> <\/label>\n<\/p>\n<p><label> Name <a style=\"color:red\">*<\/a> <span class=\"wpcf7-form-control-wrap\" data-name=\"your-name\"><input size=\"40\" maxlength=\"400\" class=\"wpcf7-form-control wpcf7-text wpcf7-validates-as-required\" aria-required=\"true\" aria-invalid=\"false\" value=\"\" type=\"text\" name=\"your-name\" \/><\/span> <\/label>\n<\/p>\n<p><label> Company <span class=\"wpcf7-form-control-wrap\" data-name=\"your-company\"><input size=\"40\" maxlength=\"400\" class=\"wpcf7-form-control wpcf7-text\" aria-invalid=\"false\" value=\"\" type=\"text\" name=\"your-company\" \/><\/span> <\/label>\n<\/p>\n<p><label> Email <a style=\"color:red\">*<\/a> <span class=\"wpcf7-form-control-wrap\" data-name=\"your-email\"><input size=\"40\" maxlength=\"400\" class=\"wpcf7-form-control wpcf7-email wpcf7-validates-as-required wpcf7-text wpcf7-validates-as-email\" aria-required=\"true\" aria-invalid=\"false\" value=\"\" type=\"email\" name=\"your-email\" \/><\/span> <\/label>\n<\/p>\n<p><label> Phone <a style=\"color:red\">*<\/a> <span class=\"wpcf7-form-control-wrap\" data-name=\"your-phone\"><input size=\"14\" maxlength=\"400\" class=\"wpcf7-form-control wpcf7-text wpcf7-validates-as-required\" aria-required=\"true\" aria-invalid=\"false\" value=\"\" type=\"text\" name=\"your-phone\" \/><\/span> <\/label>\n<\/p>\n<p><label> Subject<br \/>\n<span class=\"wpcf7-form-control-wrap\" data-name=\"your-subject\"><input size=\"40\" maxlength=\"400\" class=\"wpcf7-form-control wpcf7-text\" aria-invalid=\"false\" value=\"\" type=\"text\" name=\"your-subject\" \/><\/span> <\/label>\n<\/p>\n<p><label> Your Message<br \/>\n<span class=\"wpcf7-form-control-wrap\" data-name=\"your-message\"><textarea cols=\"40\" rows=\"10\" maxlength=\"2000\" class=\"wpcf7-form-control wpcf7-textarea\" aria-invalid=\"false\" name=\"your-message\"><\/textarea><\/span> <\/label>\n<\/p>\n<p><label> <a style=\"color:red\">*<\/a>Required <\/label>\n<\/p>\n<p><span class=\"wpcf7-form-control-wrap\" data-name=\"your-gdpr\"><span class=\"wpcf7-form-control wpcf7-acceptance\"><span class=\"wpcf7-list-item\"><label class=\"translation-block\"><span class=\"wpcf7-form-control-wrap\" data-name=\"your-gdpr\"><span class=\"wpcf7-form-control wpcf7-acceptance\"><span class=\"wpcf7-list-item\"><label><span class=\"wpcf7-list-item-label\">I agree to the web site <a href=\"https:\/\/www.oleronaise.com\/en\/confidentialite\" target=\"_blank\">privacy policy<\/a>.<\/span><\/label><\/span><\/span><\/span><\/label><\/span><\/span><\/span>\n<\/p>\n<p><span id=\"ai1ic-IXZ7O\" data-toggle=\"toggle\" class=\"cf7ic-loader\">Loading&#8230;<\/span>\n<\/p>\n<p><input class=\"wpcf7-form-control wpcf7-submit has-spinner\" type=\"submit\" value=\"Envoyer\" \/>\n<\/p><div class=\"wpcf7-response-output\" aria-hidden=\"true\"><\/div>\n<input type=\"hidden\" name=\"trp-form-language\" value=\"en\"\/><\/form>\n<\/div>\n<\/p>\t\t\t\t\t\t<\/div>\n\t\t\t\t<\/div>\n\t\t\t\t\t<\/div>\n\t\t<\/div>\n\t\t\t\t\t<\/div>\n\t\t<\/section>\n\t\t\t\t<\/div>","protected":false},"excerpt":{"rendered":"<p>Contact et Informations T\u00e9l : 06 08 06 11 14 Boutique L&rsquo;Ol\u00e9ronaise \u00c0 l&rsquo;entr\u00e9e de l&rsquo;\u00eele, sur la D\u00e9partementale,\u00e0 gauche avant le 1er rond point des cabanes color\u00e9es. Hors-saison, Evelyne vous accueille du\u00a0 : jeudi au lundi (ferm\u00e9 le mardi et le mercredi) 9h00 \u00e0 13h00 15h00 \u00e0 19h00 P\u00e9riode estivale et vacances scolaires : [&hellip;]<\/p>","protected":false},"author":1,"featured_media":0,"parent":0,"menu_order":0,"comment_status":"closed","ping_status":"closed","template":"","meta":{"footnotes":""},"class_list":["post-36","page","type-page","status-publish","hentry"],"yoast_head":"<!-- This site is optimized with the Yoast SEO plugin v24.9 - https:\/\/yoast.com\/wordpress\/plugins\/seo\/ -->\n<title>Contact - L&#039;Ol\u00e9ronaise - Le Ch\u00e2teau d&#039;Ol\u00e9ron<\/title>\n<meta name=\"description\" content=\"Contact L&#039;Ol\u00e9ronaise : Vous pouvez nous joindre \u00e9galement via notre formulaire de contact disponible sur notre page\" \/>\n<meta name=\"robots\" content=\"index, follow, max-snippet:-1, max-image-preview:large, max-video-preview:-1\" \/>\n<link rel=\"canonical\" href=\"https:\/\/www.oleronaise.com\/en\/contact\/\" \/>\n<meta property=\"og:locale\" content=\"en_GB\" \/>\n<meta property=\"og:type\" content=\"article\" \/>\n<meta property=\"og:title\" content=\"Contact - L&#039;Ol\u00e9ronaise - Le Ch\u00e2teau d&#039;Ol\u00e9ron\" \/>\n<meta property=\"og:description\" content=\"Contact L&#039;Ol\u00e9ronaise : Vous pouvez nous joindre \u00e9galement via notre formulaire de contact disponible sur notre page\" \/>\n<meta property=\"og:url\" content=\"https:\/\/www.oleronaise.com\/en\/contact\/\" \/>\n<meta property=\"og:site_name\" content=\"L&#039;Ol\u00e9ronaise\" \/>\n<meta property=\"article:modified_time\" content=\"2025-09-04T14:17:13+00:00\" \/>\n<meta property=\"og:image\" content=\"https:\/\/www.oleronaise.com\/wp-content\/uploads\/Logo-Loleronaise-transparent-09-21.png\" \/>\n<meta name=\"twitter:card\" content=\"summary_large_image\" \/>\n<meta name=\"twitter:label1\" content=\"Estimated reading time\" \/>\n\t<meta name=\"twitter:data1\" content=\"1 minute\" \/>\n<script type=\"application\/ld+json\" class=\"yoast-schema-graph\">{\"@context\":\"https:\/\/schema.org\",\"@graph\":[{\"@type\":\"WebPage\",\"@id\":\"https:\/\/www.oleronaise.com\/contact\/\",\"url\":\"https:\/\/www.oleronaise.com\/contact\/\",\"name\":\"Contact - L&#039;Ol\u00e9ronaise - Le Ch\u00e2teau d'Ol\u00e9ron\",\"isPartOf\":{\"@id\":\"https:\/\/www.oleronaise.com\/#website\"},\"primaryImageOfPage\":{\"@id\":\"https:\/\/www.oleronaise.com\/contact\/#primaryimage\"},\"image\":{\"@id\":\"https:\/\/www.oleronaise.com\/contact\/#primaryimage\"},\"thumbnailUrl\":\"https:\/\/www.oleronaise.com\/wp-content\/uploads\/Logo-Loleronaise-transparent-09-21.png\",\"datePublished\":\"2021-06-07T12:21:31+00:00\",\"dateModified\":\"2025-09-04T14:17:13+00:00\",\"description\":\"Contact L'Ol\u00e9ronaise : Vous pouvez nous joindre \u00e9galement via notre formulaire de contact disponible sur notre page\",\"breadcrumb\":{\"@id\":\"https:\/\/www.oleronaise.com\/contact\/#breadcrumb\"},\"inLanguage\":\"en-GB\",\"potentialAction\":[{\"@type\":\"ReadAction\",\"target\":[\"https:\/\/www.oleronaise.com\/contact\/\"]}]},{\"@type\":\"ImageObject\",\"inLanguage\":\"en-GB\",\"@id\":\"https:\/\/www.oleronaise.com\/contact\/#primaryimage\",\"url\":\"https:\/\/www.oleronaise.com\/wp-content\/uploads\/Logo-Loleronaise-transparent-09-21.png\",\"contentUrl\":\"https:\/\/www.oleronaise.com\/wp-content\/uploads\/Logo-Loleronaise-transparent-09-21.png\"},{\"@type\":\"BreadcrumbList\",\"@id\":\"https:\/\/www.oleronaise.com\/contact\/#breadcrumb\",\"itemListElement\":[{\"@type\":\"ListItem\",\"position\":1,\"name\":\"Home\",\"item\":\"https:\/\/www.oleronaise.com\/\"},{\"@type\":\"ListItem\",\"position\":2,\"name\":\"Contact\"}]},{\"@type\":\"WebSite\",\"@id\":\"https:\/\/www.oleronaise.com\/#website\",\"url\":\"https:\/\/www.oleronaise.com\/\",\"name\":\"L&#039;Ol\u00e9ronaise\",\"description\":\"\",\"publisher\":{\"@id\":\"https:\/\/www.oleronaise.com\/#organization\"},\"potentialAction\":[{\"@type\":\"SearchAction\",\"target\":{\"@type\":\"EntryPoint\",\"urlTemplate\":\"https:\/\/www.oleronaise.com\/?s={search_term_string}\"},\"query-input\":{\"@type\":\"PropertyValueSpecification\",\"valueRequired\":true,\"valueName\":\"search_term_string\"}}],\"inLanguage\":\"en-GB\"},{\"@type\":\"Organization\",\"@id\":\"https:\/\/www.oleronaise.com\/#organization\",\"name\":\"L&#039;Ol\u00e9ronaise\",\"url\":\"https:\/\/www.oleronaise.com\/\",\"logo\":{\"@type\":\"ImageObject\",\"inLanguage\":\"en-GB\",\"@id\":\"https:\/\/www.oleronaise.com\/#\/schema\/logo\/image\/\",\"url\":\"https:\/\/www.oleronaise.com\/wp-content\/uploads\/logo-loleronaise.png\",\"contentUrl\":\"https:\/\/www.oleronaise.com\/wp-content\/uploads\/logo-loleronaise.png\",\"width\":106,\"height\":232,\"caption\":\"L&#039;Ol\u00e9ronaise\"},\"image\":{\"@id\":\"https:\/\/www.oleronaise.com\/#\/schema\/logo\/image\/\"}}]}<\/script>\n<!-- \/ Yoast SEO plugin. -->","yoast_head_json":{"title":"Contact - L&#039;Ol\u00e9ronaise - Le Ch\u00e2teau d'Ol\u00e9ron","description":"Contact L'Ol\u00e9ronaise : Vous pouvez nous joindre \u00e9galement via notre formulaire de contact disponible sur notre page","robots":{"index":"index","follow":"follow","max-snippet":"max-snippet:-1","max-image-preview":"max-image-preview:large","max-video-preview":"max-video-preview:-1"},"canonical":"https:\/\/www.oleronaise.com\/en\/contact\/","og_locale":"en_GB","og_type":"article","og_title":"Contact - L&#039;Ol\u00e9ronaise - Le Ch\u00e2teau d'Ol\u00e9ron","og_description":"Contact L'Ol\u00e9ronaise : Vous pouvez nous joindre \u00e9galement via notre formulaire de contact disponible sur notre page","og_url":"https:\/\/www.oleronaise.com\/en\/contact\/","og_site_name":"L&#039;Ol\u00e9ronaise","article_modified_time":"2025-09-04T14:17:13+00:00","og_image":[{"url":"https:\/\/www.oleronaise.com\/wp-content\/uploads\/Logo-Loleronaise-transparent-09-21.png","type":"","width":"","height":""}],"twitter_card":"summary_large_image","twitter_misc":{"Estimated reading time":"1 minute"},"schema":{"@context":"https:\/\/schema.org","@graph":[{"@type":"WebPage","@id":"https:\/\/www.oleronaise.com\/contact\/","url":"https:\/\/www.oleronaise.com\/contact\/","name":"Contact - L&#039;Ol\u00e9ronaise - Le Ch\u00e2teau d'Ol\u00e9ron","isPartOf":{"@id":"https:\/\/www.oleronaise.com\/#website"},"primaryImageOfPage":{"@id":"https:\/\/www.oleronaise.com\/contact\/#primaryimage"},"image":{"@id":"https:\/\/www.oleronaise.com\/contact\/#primaryimage"},"thumbnailUrl":"https:\/\/www.oleronaise.com\/wp-content\/uploads\/Logo-Loleronaise-transparent-09-21.png","datePublished":"2021-06-07T12:21:31+00:00","dateModified":"2025-09-04T14:17:13+00:00","description":"Contact L'Ol\u00e9ronaise : Vous pouvez nous joindre \u00e9galement via notre formulaire de contact disponible sur notre page","breadcrumb":{"@id":"https:\/\/www.oleronaise.com\/contact\/#breadcrumb"},"inLanguage":"en-GB","potentialAction":[{"@type":"ReadAction","target":["https:\/\/www.oleronaise.com\/contact\/"]}]},{"@type":"ImageObject","inLanguage":"en-GB","@id":"https:\/\/www.oleronaise.com\/contact\/#primaryimage","url":"https:\/\/www.oleronaise.com\/wp-content\/uploads\/Logo-Loleronaise-transparent-09-21.png","contentUrl":"https:\/\/www.oleronaise.com\/wp-content\/uploads\/Logo-Loleronaise-transparent-09-21.png"},{"@type":"BreadcrumbList","@id":"https:\/\/www.oleronaise.com\/contact\/#breadcrumb","itemListElement":[{"@type":"ListItem","position":1,"name":"Home","item":"https:\/\/www.oleronaise.com\/"},{"@type":"ListItem","position":2,"name":"Contact"}]},{"@type":"WebSite","@id":"https:\/\/www.oleronaise.com\/#website","url":"https:\/\/www.oleronaise.com\/","name":"L&#039;Ol\u00e9ronaise","description":"","publisher":{"@id":"https:\/\/www.oleronaise.com\/#organization"},"potentialAction":[{"@type":"SearchAction","target":{"@type":"EntryPoint","urlTemplate":"https:\/\/www.oleronaise.com\/?s={search_term_string}"},"query-input":{"@type":"PropertyValueSpecification","valueRequired":true,"valueName":"search_term_string"}}],"inLanguage":"en-GB"},{"@type":"Organization","@id":"https:\/\/www.oleronaise.com\/#organization","name":"L&#039;Ol\u00e9ronaise","url":"https:\/\/www.oleronaise.com\/","logo":{"@type":"ImageObject","inLanguage":"en-GB","@id":"https:\/\/www.oleronaise.com\/#\/schema\/logo\/image\/","url":"https:\/\/www.oleronaise.com\/wp-content\/uploads\/logo-loleronaise.png","contentUrl":"https:\/\/www.oleronaise.com\/wp-content\/uploads\/logo-loleronaise.png","width":106,"height":232,"caption":"L&#039;Ol\u00e9ronaise"},"image":{"@id":"https:\/\/www.oleronaise.com\/#\/schema\/logo\/image\/"}}]}},"_links":{"self":[{"href":"https:\/\/www.oleronaise.com\/en\/wp-json\/wp\/v2\/pages\/36","targetHints":{"allow":["GET"]}}],"collection":[{"href":"https:\/\/www.oleronaise.com\/en\/wp-json\/wp\/v2\/pages"}],"about":[{"href":"https:\/\/www.oleronaise.com\/en\/wp-json\/wp\/v2\/types\/page"}],"author":[{"embeddable":true,"href":"https:\/\/www.oleronaise.com\/en\/wp-json\/wp\/v2\/users\/1"}],"replies":[{"embeddable":true,"href":"https:\/\/www.oleronaise.com\/en\/wp-json\/wp\/v2\/comments?post=36"}],"version-history":[{"count":5,"href":"https:\/\/www.oleronaise.com\/en\/wp-json\/wp\/v2\/pages\/36\/revisions"}],"predecessor-version":[{"id":5111,"href":"https:\/\/www.oleronaise.com\/en\/wp-json\/wp\/v2\/pages\/36\/revisions\/5111"}],"wp:attachment":[{"href":"https:\/\/www.oleronaise.com\/en\/wp-json\/wp\/v2\/media?parent=36"}],"curies":[{"name":"wp","href":"https:\/\/api.w.org\/{rel}","templated":true}]}}