{"id":425,"date":"2021-06-14T15:22:52","date_gmt":"2021-06-14T14:22:52","guid":{"rendered":"https:\/\/www.oleronaise.com\/?page_id=425"},"modified":"2025-09-04T14:41:00","modified_gmt":"2025-09-04T13:41:00","slug":"expedition-huitres","status":"publish","type":"page","link":"https:\/\/www.oleronaise.com\/en\/expedition-huitres\/","title":{"rendered":"Commande"},"content":{"rendered":"<div data-elementor-type=\"wp-page\" data-elementor-id=\"425\" class=\"elementor elementor-425\" data-elementor-post-type=\"page\">\n\t\t\t\t\t\t<section class=\"elementor-section elementor-top-section elementor-element elementor-element-4361df3 elementor-section-full_width elementor-section-height-default elementor-section-height-default\" data-id=\"4361df3\" data-element_type=\"section\">\n\t\t\t\t\t\t<div class=\"elementor-container elementor-column-gap-default\">\n\t\t\t\t\t<div class=\"elementor-column elementor-col-100 elementor-top-column elementor-element elementor-element-e726901\" data-id=\"e726901\" data-element_type=\"column\">\n\t\t\t<div class=\"elementor-widget-wrap elementor-element-populated\">\n\t\t\t\t\t\t<div class=\"elementor-element elementor-element-7f8a40b elementor-widget elementor-widget-heading\" data-id=\"7f8a40b\" data-element_type=\"widget\" data-widget_type=\"heading.default\">\n\t\t\t\t<div class=\"elementor-widget-container\">\n\t\t\t<h1 class=\"elementor-heading-title elementor-size-default\">Shipping Ol\u00e9ron oysters in France and Europe<\/h1>\t\t<\/div>\n\t\t\t\t<\/div>\n\t\t\t\t<div class=\"elementor-element elementor-element-a13c0f8 elementor-widget elementor-widget-spacer\" data-id=\"a13c0f8\" data-element_type=\"widget\" data-widget_type=\"spacer.default\">\n\t\t\t\t<div class=\"elementor-widget-container\">\n\t\t\t\t\t<div class=\"elementor-spacer\">\n\t\t\t<div class=\"elementor-spacer-inner\"><\/div>\n\t\t<\/div>\n\t\t\t\t<\/div>\n\t\t\t\t<\/div>\n\t\t\t\t<div class=\"elementor-element elementor-element-10aea15 fix-carousel elementor-skin-carousel elementor-widget elementor-widget-media-carousel\" data-id=\"10aea15\" data-element_type=\"widget\" data-settings=\"{&quot;autoplay_speed&quot;:4000,&quot;skin&quot;:&quot;carousel&quot;,&quot;effect&quot;:&quot;slide&quot;,&quot;speed&quot;:500,&quot;autoplay&quot;:&quot;yes&quot;,&quot;loop&quot;:&quot;yes&quot;,&quot;pause_on_hover&quot;:&quot;yes&quot;,&quot;pause_on_interaction&quot;:&quot;yes&quot;,&quot;space_between&quot;:{&quot;unit&quot;:&quot;px&quot;,&quot;size&quot;:10,&quot;sizes&quot;:[]},&quot;space_between_tablet&quot;:{&quot;unit&quot;:&quot;px&quot;,&quot;size&quot;:10,&quot;sizes&quot;:[]},&quot;space_between_mobile&quot;:{&quot;unit&quot;:&quot;px&quot;,&quot;size&quot;:10,&quot;sizes&quot;:[]}}\" data-widget_type=\"media-carousel.default\">\n\t\t\t\t<div class=\"elementor-widget-container\">\n\t\t\t\t\t<div class=\"elementor-swiper\">\n\t\t\t<div class=\"elementor-main-swiper swiper\">\n\t\t\t\t<div class=\"swiper-wrapper\">\n\t\t\t\t\t\t\t\t\t\t\t<div class=\"swiper-slide\">\n\t\t\t\t\t\t\t\t\t<div class=\"elementor-carousel-image\" role=\"img\" aria-label=\"sow-ldd-pont-oleron-616x462web\" style=\"background-image: url(&#039;https:\/\/www.oleronaise.com\/wp-content\/uploads\/sow-ldd-pont-oleron-616x462web.jpg&#039;)\">\n\n\t\t\t\n\t\t\t\t\t<\/div>\n\t\t\t\t\t\t\t\t<\/div>\n\t\t\t\t\t\t\t\t\t\t\t<div class=\"swiper-slide\">\n\t\t\t\t\t\t\t\t\t<div class=\"elementor-carousel-image\" role=\"img\" aria-label=\"hu\u00eetres Paris\" style=\"background-image: url(&#039;https:\/\/www.oleronaise.com\/wp-content\/uploads\/sow-lo-presentation_huitre_ouverte-500x667web.jpg&#039;)\">\n\n\t\t\t\n\t\t\t\t\t<\/div>\n\t\t\t\t\t\t\t\t<\/div>\n\t\t\t\t\t\t\t\t\t\t\t<div class=\"swiper-slide\">\n\t\t\t\t\t\t\t\t\t<div class=\"elementor-carousel-image\" role=\"img\" aria-label=\"parc \u00e0 hu\u00eetres \u00eele d&#039;Ol\u00e9ron\" style=\"background-image: url(&#039;https:\/\/www.oleronaise.com\/wp-content\/uploads\/sow-lo-recolte_huitre-800x1200web.jpg&#039;)\">\n\n\t\t\t\n\t\t\t\t\t<\/div>\n\t\t\t\t\t\t\t\t<\/div>\n\t\t\t\t\t\t\t\t\t\t\t<div class=\"swiper-slide\">\n\t\t\t\t\t\t\t\t\t<div class=\"elementor-carousel-image\" role=\"img\" aria-label=\"nacre-fond-deco-site\" style=\"background-image: url(&#039;https:\/\/www.oleronaise.com\/wp-content\/uploads\/nacre-fond-deco-site.png&#039;)\">\n\n\t\t\t\n\t\t\t\t\t<\/div>\n\t\t\t\t\t\t\t\t<\/div>\n\t\t\t\t\t\t\t\t\t<\/div>\n\t\t\t\t\t\t\t\t\t\t\t\t\t\t\t\t\t\t\t\t\t<\/div>\n\t\t<\/div>\n\t\t\t\t<\/div>\n\t\t\t\t<\/div>\n\t\t\t\t<div class=\"elementor-element elementor-element-4bd766d elementor-widget elementor-widget-spacer\" data-id=\"4bd766d\" data-element_type=\"widget\" data-widget_type=\"spacer.default\">\n\t\t\t\t<div class=\"elementor-widget-container\">\n\t\t\t\t\t<div class=\"elementor-spacer\">\n\t\t\t<div class=\"elementor-spacer-inner\"><\/div>\n\t\t<\/div>\n\t\t\t\t<\/div>\n\t\t\t\t<\/div>\n\t\t\t\t\t<\/div>\n\t\t<\/div>\n\t\t\t\t\t<\/div>\n\t\t<\/section>\n\t\t\t\t<section class=\"elementor-section elementor-top-section elementor-element elementor-element-aeed246 elementor-section-full_width elementor-section-height-default elementor-section-height-default\" data-id=\"aeed246\" data-element_type=\"section\">\n\t\t\t\t\t\t<div class=\"elementor-container elementor-column-gap-default\">\n\t\t\t\t\t<div class=\"elementor-column elementor-col-100 elementor-top-column elementor-element elementor-element-5e53900\" data-id=\"5e53900\" data-element_type=\"column\">\n\t\t\t<div class=\"elementor-widget-wrap elementor-element-populated\">\n\t\t\t\t\t\t<div class=\"elementor-element elementor-element-79b92c3 elementor-widget elementor-widget-spacer\" data-id=\"79b92c3\" data-element_type=\"widget\" data-widget_type=\"spacer.default\">\n\t\t\t\t<div class=\"elementor-widget-container\">\n\t\t\t\t\t<div class=\"elementor-spacer\">\n\t\t\t<div class=\"elementor-spacer-inner\"><\/div>\n\t\t<\/div>\n\t\t\t\t<\/div>\n\t\t\t\t<\/div>\n\t\t\t\t<div class=\"elementor-element elementor-element-342f33a elementor-widget elementor-widget-heading\" data-id=\"342f33a\" data-element_type=\"widget\" data-widget_type=\"heading.default\">\n\t\t\t\t<div class=\"elementor-widget-container\">\n\t\t\t<h1 class=\"elementor-heading-title elementor-size-default\">Whosale orders<\/h1>\t\t<\/div>\n\t\t\t\t<\/div>\n\t\t\t\t<div class=\"elementor-element elementor-element-8c3d431 elementor-widget elementor-widget-heading\" data-id=\"8c3d431\" data-element_type=\"widget\" data-widget_type=\"heading.default\">\n\t\t\t\t<div class=\"elementor-widget-container\">\n\t\t\t<h2 class=\"elementor-heading-title elementor-size-default\">Exp\u00e9ditions Huitres <\/h2>\t\t<\/div>\n\t\t\t\t<\/div>\n\t\t\t\t<div class=\"elementor-element elementor-element-ff0b0fa elementor-widget elementor-widget-spacer\" data-id=\"ff0b0fa\" data-element_type=\"widget\" data-widget_type=\"spacer.default\">\n\t\t\t\t<div class=\"elementor-widget-container\">\n\t\t\t\t\t<div class=\"elementor-spacer\">\n\t\t\t<div class=\"elementor-spacer-inner\"><\/div>\n\t\t<\/div>\n\t\t\t\t<\/div>\n\t\t\t\t<\/div>\n\t\t\t\t<div class=\"elementor-element elementor-element-7c78d89 elementor-widget elementor-widget-text-editor\" data-id=\"7c78d89\" data-element_type=\"widget\" data-widget_type=\"text-editor.default\">\n\t\t\t\t<div class=\"elementor-widget-container\">\n\t\t\t\t\t\t\t<p class=\"translation-block\">Every morning, we load up a custom order of <strong>oysters<\/strong> to ship out to our customers all over Europe.<\/p>\t\t\t\t\t\t<\/div>\n\t\t\t\t<\/div>\n\t\t\t\t\t<\/div>\n\t\t<\/div>\n\t\t\t\t\t<\/div>\n\t\t<\/section>\n\t\t\t\t<section class=\"elementor-section elementor-top-section elementor-element elementor-element-b8c6348 elementor-section-full_width elementor-section-height-default elementor-section-height-default\" data-id=\"b8c6348\" data-element_type=\"section\">\n\t\t\t\t\t\t<div class=\"elementor-container elementor-column-gap-default\">\n\t\t\t\t\t<div class=\"elementor-column elementor-col-100 elementor-top-column elementor-element elementor-element-238d6e1\" data-id=\"238d6e1\" data-element_type=\"column\">\n\t\t\t<div class=\"elementor-widget-wrap elementor-element-populated\">\n\t\t\t\t\t\t<div class=\"elementor-element elementor-element-5eee7e0 elementor-widget elementor-widget-text-editor\" data-id=\"5eee7e0\" data-element_type=\"widget\" data-widget_type=\"text-editor.default\">\n\t\t\t\t<div class=\"elementor-widget-container\">\n\t\t\t\t\t\t\t<p>D\u00e8s le lendemain, elles sont <strong>chez vous<\/strong>, o\u00f9 que vous soyez en <strong>Europe<\/strong> !<\/p>\t\t\t\t\t\t<\/div>\n\t\t\t\t<\/div>\n\t\t\t\t<div class=\"elementor-element elementor-element-c9f0722 elementor-widget elementor-widget-text-editor\" data-id=\"c9f0722\" data-element_type=\"widget\" data-widget_type=\"text-editor.default\">\n\t\t\t\t<div class=\"elementor-widget-container\">\n\t\t\t\t\t\t\t<p>Les<strong> hu\u00eetres<\/strong> sont plac\u00e9es et compt\u00e9es une \u00e0 une dans les paniers, couvercle vers le haut, bien cal\u00e9es entre elles pour \u00e9viter qu\u2019elles ne se vident de leur eau et qu&rsquo;elles conservent toute leur fra\u00eecheur. Elles vous procureront, ainsi, un maximum de plaisir \u00e0 la d\u00e9gustation.<\/p>\t\t\t\t\t\t<\/div>\n\t\t\t\t<\/div>\n\t\t\t\t<div class=\"elementor-element elementor-element-ebad1d0 elementor-widget elementor-widget-text-editor\" data-id=\"ebad1d0\" data-element_type=\"widget\" data-widget_type=\"text-editor.default\">\n\t\t\t\t<div class=\"elementor-widget-container\">\n\t\t\t\t\t\t\t<p class=\"translation-block\">Please contact us for any orders to <strong>ship oysters<\/strong>. We deliver to the French d\u00e9partements of <strong>Aisne<\/strong>, <strong>Oise<\/strong> and <strong>Ile-de-France<\/strong>. Ask us about shipments to other French d\u00e9partements.<\/p>\t\t\t\t\t\t<\/div>\n\t\t\t\t<\/div>\n\t\t\t\t<div class=\"elementor-element elementor-element-ec952e7 elementor-widget elementor-widget-spacer\" data-id=\"ec952e7\" data-element_type=\"widget\" data-widget_type=\"spacer.default\">\n\t\t\t\t<div class=\"elementor-widget-container\">\n\t\t\t\t\t<div class=\"elementor-spacer\">\n\t\t\t<div class=\"elementor-spacer-inner\"><\/div>\n\t\t<\/div>\n\t\t\t\t<\/div>\n\t\t\t\t<\/div>\n\t\t\t\t\t<\/div>\n\t\t<\/div>\n\t\t\t\t\t<\/div>\n\t\t<\/section>\n\t\t\t\t<section class=\"elementor-section elementor-top-section elementor-element elementor-element-ae3cc27 elementor-section-full_width elementor-section-height-default elementor-section-height-default\" data-id=\"ae3cc27\" data-element_type=\"section\">\n\t\t\t\t\t\t<div class=\"elementor-container elementor-column-gap-default\">\n\t\t\t\t\t<div class=\"elementor-column elementor-col-100 elementor-top-column elementor-element elementor-element-cd839dd\" data-id=\"cd839dd\" data-element_type=\"column\">\n\t\t\t<div class=\"elementor-widget-wrap elementor-element-populated\">\n\t\t\t\t\t\t<div class=\"elementor-element elementor-element-84358a2 elementor-widget elementor-widget-heading\" data-id=\"84358a2\" data-element_type=\"widget\" data-widget_type=\"heading.default\">\n\t\t\t\t<div class=\"elementor-widget-container\">\n\t\t\t<h2 class=\"elementor-heading-title elementor-size-default\">Order our Oysters <\/h2>\t\t<\/div>\n\t\t\t\t<\/div>\n\t\t\t\t<div class=\"elementor-element elementor-element-8937dda elementor-widget elementor-widget-heading\" data-id=\"8937dda\" data-element_type=\"widget\" data-widget_type=\"heading.default\">\n\t\t\t\t<div class=\"elementor-widget-container\">\n\t\t\t<h2 class=\"elementor-heading-title elementor-size-default\">Exp\u00e9ditions Huitres <\/h2>\t\t<\/div>\n\t\t\t\t<\/div>\n\t\t\t\t<div class=\"elementor-element elementor-element-c5bfb76 elementor-widget elementor-widget-text-editor\" data-id=\"c5bfb76\" data-element_type=\"widget\" data-widget_type=\"text-editor.default\">\n\t\t\t\t<div class=\"elementor-widget-container\">\n\t\t\t\t\t\t\t<p>Call us to place your orders.<\/p>\t\t\t\t\t\t<\/div>\n\t\t\t\t<\/div>\n\t\t\t\t<div class=\"elementor-element elementor-element-0e7ddab elementor-align-center elementor-widget elementor-widget-button\" data-id=\"0e7ddab\" data-element_type=\"widget\" data-widget_type=\"button.default\">\n\t\t\t\t<div class=\"elementor-widget-container\">\n\t\t\t\t\t<div class=\"elementor-button-wrapper\">\n\t\t\t<a class=\"elementor-button elementor-button-link elementor-size-md\" href=\"tel:+33546475034\">\n\t\t\t\t\t\t<span class=\"elementor-button-content-wrapper\">\n\t\t\t\t\t\t\t\t\t<span class=\"elementor-button-text\">Phone : +33 5 46 47 50 34<\/span>\n\t\t\t\t\t<\/span>\n\t\t\t\t\t<\/a>\n\t\t<\/div>\n\t\t\t\t<\/div>\n\t\t\t\t<\/div>\n\t\t\t\t<div class=\"elementor-element elementor-element-b27fc80 elementor-widget elementor-widget-spacer\" data-id=\"b27fc80\" data-element_type=\"widget\" data-widget_type=\"spacer.default\">\n\t\t\t\t<div class=\"elementor-widget-container\">\n\t\t\t\t\t<div class=\"elementor-spacer\">\n\t\t\t<div class=\"elementor-spacer-inner\"><\/div>\n\t\t<\/div>\n\t\t\t\t<\/div>\n\t\t\t\t<\/div>\n\t\t\t\t\t<\/div>\n\t\t<\/div>\n\t\t\t\t\t<\/div>\n\t\t<\/section>\n\t\t<div class=\"elementor-element elementor-element-2654d18 e-flex e-con-boxed e-con e-parent\" data-id=\"2654d18\" data-element_type=\"container\">\n\t\t\t\t\t<div class=\"e-con-inner\">\n\t\t<div class=\"elementor-element elementor-element-f1ee8d7 e-con-full e-flex e-con e-child\" data-id=\"f1ee8d7\" data-element_type=\"container\">\n\t\t\t\t<\/div>\n\t\t<div class=\"elementor-element elementor-element-0fe01f2 e-con-full e-flex e-con e-child\" data-id=\"0fe01f2\" data-element_type=\"container\">\n\t\t\t\t<div class=\"elementor-element elementor-element-b16b736 elementor-widget elementor-widget-image\" data-id=\"b16b736\" data-element_type=\"widget\" data-widget_type=\"image.default\">\n\t\t\t\t<div class=\"elementor-widget-container\">\n\t\t\t\t\t\t\t\t\t\t\t\t\t<img fetchpriority=\"high\" decoding=\"async\" width=\"800\" height=\"532\" src=\"https:\/\/www.oleronaise.com\/wp-content\/uploads\/eurotoque-octobre-2022-alain-raguenes-photographe-085-1000x665web.jpg\" class=\"attachment-large size-large wp-image-3252\" alt=\"Exp\u00e9ditions hu\u00eetres\" \/>\t\t\t\t\t\t\t\t\t\t\t\t\t<\/div>\n\t\t\t\t<\/div>\n\t\t\t\t<div class=\"elementor-element elementor-element-4b8e516 elementor-widget elementor-widget-heading\" data-id=\"4b8e516\" data-element_type=\"widget\" data-widget_type=\"heading.default\">\n\t\t\t\t<div class=\"elementor-widget-container\">\n\t\t\t<h2 class=\"elementor-heading-title elementor-size-default\">Exp\u00e9ditions Hu\u00eetres <\/h2>\t\t<\/div>\n\t\t\t\t<\/div>\n\t\t\t\t<\/div>\n\t\t<div class=\"elementor-element elementor-element-5d73b96 e-con-full e-flex e-con e-child\" data-id=\"5d73b96\" data-element_type=\"container\">\n\t\t\t\t<\/div>\n\t\t\t\t\t<\/div>\n\t\t\t\t<\/div>\n\t\t<div class=\"elementor-element elementor-element-e5eaa8f e-flex e-con-boxed e-con e-parent\" data-id=\"e5eaa8f\" data-element_type=\"container\">\n\t\t\t\t\t<div class=\"e-con-inner\">\n\t\t<div class=\"elementor-element elementor-element-16ca8a3 e-con-full e-flex e-con e-child\" data-id=\"16ca8a3\" data-element_type=\"container\">\n\t\t\t\t<\/div>\n\t\t<div class=\"elementor-element elementor-element-9c27b95 e-con-full e-flex e-con e-child\" data-id=\"9c27b95\" data-element_type=\"container\">\n\t\t\t\t<\/div>\n\t\t<div class=\"elementor-element elementor-element-82eb16b e-con-full e-flex e-con e-child\" data-id=\"82eb16b\" data-element_type=\"container\">\n\t\t\t\t<\/div>\n\t\t\t\t<div class=\"elementor-element elementor-element-44d769a elementor-shape-rounded elementor-grid-0 e-grid-align-center elementor-widget elementor-widget-social-icons\" data-id=\"44d769a\" data-element_type=\"widget\" data-widget_type=\"social-icons.default\">\n\t\t\t\t<div class=\"elementor-widget-container\">\n\t\t\t\t\t<div class=\"elementor-social-icons-wrapper elementor-grid\">\n\t\t\t\t\t\t\t<span class=\"elementor-grid-item\">\n\t\t\t\t\t<a class=\"elementor-icon elementor-social-icon elementor-social-icon-google elementor-repeater-item-ee19f57\" href=\"https:\/\/share.google\/ghbOwF2621W8UcbXy\" target=\"_blank\">\n\t\t\t\t\t\t<span class=\"elementor-screen-only\">Google<\/span>\n\t\t\t\t\t\t<i class=\"fab fa-google\"><\/i>\t\t\t\t\t<\/a>\n\t\t\t\t<\/span>\n\t\t\t\t\t<\/div>\n\t\t\t\t<\/div>\n\t\t\t\t<\/div>\n\t\t\t\t\t<\/div>\n\t\t\t\t<\/div>\n\t\t\t\t<\/div>","protected":false},"excerpt":{"rendered":"<p>Exp\u00e9dition d&rsquo;hu\u00eetres d&rsquo;Ol\u00e9ron en France et en Europe Service d\u00e9di\u00e9 aux Professionnels Exp\u00e9ditions Huitres Tous les matins, les hu\u00eetres sont mises en panier au fur et \u00e0 mesure que nos clients nous donnent leur commande. D\u00e8s le lendemain, elles sont chez vous, o\u00f9 que vous soyez en Europe ! Les hu\u00eetres sont plac\u00e9es et compt\u00e9es [&hellip;]<\/p>","protected":false},"author":1,"featured_media":0,"parent":0,"menu_order":0,"comment_status":"closed","ping_status":"closed","template":"","meta":{"footnotes":""},"class_list":["post-425","page","type-page","status-publish","hentry"],"yoast_head":"<!-- This site is optimized with the Yoast SEO plugin v24.9 - https:\/\/yoast.com\/wordpress\/plugins\/seo\/ -->\n<title>Exp\u00e9dition Hu\u00eetres Commande - L&#039;Ol\u00e9ronaise<\/title>\n<meta name=\"description\" content=\"Exp\u00e9dition Hu\u00eetres : Tous les matins, les hu\u00eetres sont mises en panier au fur et \u00e0 mesure que nos clients nous donnent leur commande.\" \/>\n<meta name=\"robots\" content=\"index, follow, max-snippet:-1, max-image-preview:large, max-video-preview:-1\" \/>\n<link rel=\"canonical\" href=\"https:\/\/www.oleronaise.com\/en\/expedition-huitres\/\" \/>\n<meta property=\"og:locale\" content=\"en_GB\" \/>\n<meta property=\"og:type\" content=\"article\" \/>\n<meta property=\"og:title\" content=\"Exp\u00e9dition Hu\u00eetres Commande - L&#039;Ol\u00e9ronaise\" \/>\n<meta property=\"og:description\" content=\"Exp\u00e9dition Hu\u00eetres : Tous les matins, les hu\u00eetres sont mises en panier au fur et \u00e0 mesure que nos clients nous donnent leur commande.\" \/>\n<meta property=\"og:url\" content=\"https:\/\/www.oleronaise.com\/en\/expedition-huitres\/\" \/>\n<meta property=\"og:site_name\" content=\"L&#039;Ol\u00e9ronaise\" \/>\n<meta property=\"article:modified_time\" content=\"2025-09-04T13:41:00+00:00\" \/>\n<meta property=\"og:image\" content=\"https:\/\/www.oleronaise.com\/wp-content\/uploads\/eurotoque-octobre-2022-alain-raguenes-photographe-085-1000x665web.jpg\" \/>\n\t<meta property=\"og:image:width\" content=\"1000\" \/>\n\t<meta property=\"og:image:height\" content=\"665\" \/>\n\t<meta property=\"og:image:type\" content=\"image\/jpeg\" \/>\n<meta name=\"twitter:card\" content=\"summary_large_image\" \/>\n<meta name=\"twitter:label1\" content=\"Estimated reading time\" \/>\n\t<meta name=\"twitter:data1\" content=\"1 minute\" \/>\n<script type=\"application\/ld+json\" class=\"yoast-schema-graph\">{\"@context\":\"https:\/\/schema.org\",\"@graph\":[{\"@type\":\"WebPage\",\"@id\":\"https:\/\/www.oleronaise.com\/expedition-huitres\/\",\"url\":\"https:\/\/www.oleronaise.com\/expedition-huitres\/\",\"name\":\"Exp\u00e9dition Hu\u00eetres Commande - L&#039;Ol\u00e9ronaise\",\"isPartOf\":{\"@id\":\"https:\/\/www.oleronaise.com\/#website\"},\"primaryImageOfPage\":{\"@id\":\"https:\/\/www.oleronaise.com\/expedition-huitres\/#primaryimage\"},\"image\":{\"@id\":\"https:\/\/www.oleronaise.com\/expedition-huitres\/#primaryimage\"},\"thumbnailUrl\":\"https:\/\/www.oleronaise.com\/wp-content\/uploads\/eurotoque-octobre-2022-alain-raguenes-photographe-085-1000x665web.jpg\",\"datePublished\":\"2021-06-14T14:22:52+00:00\",\"dateModified\":\"2025-09-04T13:41:00+00:00\",\"description\":\"Exp\u00e9dition Hu\u00eetres : Tous les matins, les hu\u00eetres sont mises en panier au fur et \u00e0 mesure que nos clients nous donnent leur commande.\",\"breadcrumb\":{\"@id\":\"https:\/\/www.oleronaise.com\/expedition-huitres\/#breadcrumb\"},\"inLanguage\":\"en-GB\",\"potentialAction\":[{\"@type\":\"ReadAction\",\"target\":[\"https:\/\/www.oleronaise.com\/expedition-huitres\/\"]}]},{\"@type\":\"ImageObject\",\"inLanguage\":\"en-GB\",\"@id\":\"https:\/\/www.oleronaise.com\/expedition-huitres\/#primaryimage\",\"url\":\"https:\/\/www.oleronaise.com\/wp-content\/uploads\/eurotoque-octobre-2022-alain-raguenes-photographe-085-1000x665web.jpg\",\"contentUrl\":\"https:\/\/www.oleronaise.com\/wp-content\/uploads\/eurotoque-octobre-2022-alain-raguenes-photographe-085-1000x665web.jpg\"},{\"@type\":\"BreadcrumbList\",\"@id\":\"https:\/\/www.oleronaise.com\/expedition-huitres\/#breadcrumb\",\"itemListElement\":[{\"@type\":\"ListItem\",\"position\":1,\"name\":\"Home\",\"item\":\"https:\/\/www.oleronaise.com\/\"},{\"@type\":\"ListItem\",\"position\":2,\"name\":\"Commande\"}]},{\"@type\":\"WebSite\",\"@id\":\"https:\/\/www.oleronaise.com\/#website\",\"url\":\"https:\/\/www.oleronaise.com\/\",\"name\":\"L&#039;Ol\u00e9ronaise\",\"description\":\"\",\"publisher\":{\"@id\":\"https:\/\/www.oleronaise.com\/#organization\"},\"potentialAction\":[{\"@type\":\"SearchAction\",\"target\":{\"@type\":\"EntryPoint\",\"urlTemplate\":\"https:\/\/www.oleronaise.com\/?s={search_term_string}\"},\"query-input\":{\"@type\":\"PropertyValueSpecification\",\"valueRequired\":true,\"valueName\":\"search_term_string\"}}],\"inLanguage\":\"en-GB\"},{\"@type\":\"Organization\",\"@id\":\"https:\/\/www.oleronaise.com\/#organization\",\"name\":\"L&#039;Ol\u00e9ronaise\",\"url\":\"https:\/\/www.oleronaise.com\/\",\"logo\":{\"@type\":\"ImageObject\",\"inLanguage\":\"en-GB\",\"@id\":\"https:\/\/www.oleronaise.com\/#\/schema\/logo\/image\/\",\"url\":\"https:\/\/www.oleronaise.com\/wp-content\/uploads\/logo-loleronaise.png\",\"contentUrl\":\"https:\/\/www.oleronaise.com\/wp-content\/uploads\/logo-loleronaise.png\",\"width\":106,\"height\":232,\"caption\":\"L&#039;Ol\u00e9ronaise\"},\"image\":{\"@id\":\"https:\/\/www.oleronaise.com\/#\/schema\/logo\/image\/\"}}]}<\/script>\n<!-- \/ Yoast SEO plugin. -->","yoast_head_json":{"title":"Exp\u00e9dition Hu\u00eetres Commande - L&#039;Ol\u00e9ronaise","description":"Exp\u00e9dition Hu\u00eetres : Tous les matins, les hu\u00eetres sont mises en panier au fur et \u00e0 mesure que nos clients nous donnent leur commande.","robots":{"index":"index","follow":"follow","max-snippet":"max-snippet:-1","max-image-preview":"max-image-preview:large","max-video-preview":"max-video-preview:-1"},"canonical":"https:\/\/www.oleronaise.com\/en\/expedition-huitres\/","og_locale":"en_GB","og_type":"article","og_title":"Exp\u00e9dition Hu\u00eetres Commande - L&#039;Ol\u00e9ronaise","og_description":"Exp\u00e9dition Hu\u00eetres : Tous les matins, les hu\u00eetres sont mises en panier au fur et \u00e0 mesure que nos clients nous donnent leur commande.","og_url":"https:\/\/www.oleronaise.com\/en\/expedition-huitres\/","og_site_name":"L&#039;Ol\u00e9ronaise","article_modified_time":"2025-09-04T13:41:00+00:00","og_image":[{"width":1000,"height":665,"url":"https:\/\/www.oleronaise.com\/wp-content\/uploads\/eurotoque-octobre-2022-alain-raguenes-photographe-085-1000x665web.jpg","type":"image\/jpeg"}],"twitter_card":"summary_large_image","twitter_misc":{"Estimated reading time":"1 minute"},"schema":{"@context":"https:\/\/schema.org","@graph":[{"@type":"WebPage","@id":"https:\/\/www.oleronaise.com\/expedition-huitres\/","url":"https:\/\/www.oleronaise.com\/expedition-huitres\/","name":"Exp\u00e9dition Hu\u00eetres Commande - L&#039;Ol\u00e9ronaise","isPartOf":{"@id":"https:\/\/www.oleronaise.com\/#website"},"primaryImageOfPage":{"@id":"https:\/\/www.oleronaise.com\/expedition-huitres\/#primaryimage"},"image":{"@id":"https:\/\/www.oleronaise.com\/expedition-huitres\/#primaryimage"},"thumbnailUrl":"https:\/\/www.oleronaise.com\/wp-content\/uploads\/eurotoque-octobre-2022-alain-raguenes-photographe-085-1000x665web.jpg","datePublished":"2021-06-14T14:22:52+00:00","dateModified":"2025-09-04T13:41:00+00:00","description":"Exp\u00e9dition Hu\u00eetres : Tous les matins, les hu\u00eetres sont mises en panier au fur et \u00e0 mesure que nos clients nous donnent leur commande.","breadcrumb":{"@id":"https:\/\/www.oleronaise.com\/expedition-huitres\/#breadcrumb"},"inLanguage":"en-GB","potentialAction":[{"@type":"ReadAction","target":["https:\/\/www.oleronaise.com\/expedition-huitres\/"]}]},{"@type":"ImageObject","inLanguage":"en-GB","@id":"https:\/\/www.oleronaise.com\/expedition-huitres\/#primaryimage","url":"https:\/\/www.oleronaise.com\/wp-content\/uploads\/eurotoque-octobre-2022-alain-raguenes-photographe-085-1000x665web.jpg","contentUrl":"https:\/\/www.oleronaise.com\/wp-content\/uploads\/eurotoque-octobre-2022-alain-raguenes-photographe-085-1000x665web.jpg"},{"@type":"BreadcrumbList","@id":"https:\/\/www.oleronaise.com\/expedition-huitres\/#breadcrumb","itemListElement":[{"@type":"ListItem","position":1,"name":"Home","item":"https:\/\/www.oleronaise.com\/"},{"@type":"ListItem","position":2,"name":"Commande"}]},{"@type":"WebSite","@id":"https:\/\/www.oleronaise.com\/#website","url":"https:\/\/www.oleronaise.com\/","name":"L&#039;Ol\u00e9ronaise","description":"","publisher":{"@id":"https:\/\/www.oleronaise.com\/#organization"},"potentialAction":[{"@type":"SearchAction","target":{"@type":"EntryPoint","urlTemplate":"https:\/\/www.oleronaise.com\/?s={search_term_string}"},"query-input":{"@type":"PropertyValueSpecification","valueRequired":true,"valueName":"search_term_string"}}],"inLanguage":"en-GB"},{"@type":"Organization","@id":"https:\/\/www.oleronaise.com\/#organization","name":"L&#039;Ol\u00e9ronaise","url":"https:\/\/www.oleronaise.com\/","logo":{"@type":"ImageObject","inLanguage":"en-GB","@id":"https:\/\/www.oleronaise.com\/#\/schema\/logo\/image\/","url":"https:\/\/www.oleronaise.com\/wp-content\/uploads\/logo-loleronaise.png","contentUrl":"https:\/\/www.oleronaise.com\/wp-content\/uploads\/logo-loleronaise.png","width":106,"height":232,"caption":"L&#039;Ol\u00e9ronaise"},"image":{"@id":"https:\/\/www.oleronaise.com\/#\/schema\/logo\/image\/"}}]}},"_links":{"self":[{"href":"https:\/\/www.oleronaise.com\/en\/wp-json\/wp\/v2\/pages\/425","targetHints":{"allow":["GET"]}}],"collection":[{"href":"https:\/\/www.oleronaise.com\/en\/wp-json\/wp\/v2\/pages"}],"about":[{"href":"https:\/\/www.oleronaise.com\/en\/wp-json\/wp\/v2\/types\/page"}],"author":[{"embeddable":true,"href":"https:\/\/www.oleronaise.com\/en\/wp-json\/wp\/v2\/users\/1"}],"replies":[{"embeddable":true,"href":"https:\/\/www.oleronaise.com\/en\/wp-json\/wp\/v2\/comments?post=425"}],"version-history":[{"count":5,"href":"https:\/\/www.oleronaise.com\/en\/wp-json\/wp\/v2\/pages\/425\/revisions"}],"predecessor-version":[{"id":5144,"href":"https:\/\/www.oleronaise.com\/en\/wp-json\/wp\/v2\/pages\/425\/revisions\/5144"}],"wp:attachment":[{"href":"https:\/\/www.oleronaise.com\/en\/wp-json\/wp\/v2\/media?parent=425"}],"curies":[{"name":"wp","href":"https:\/\/api.w.org\/{rel}","templated":true}]}}